{"id":1202,"date":"2022-05-30T15:51:25","date_gmt":"2022-05-30T13:51:25","guid":{"rendered":"https:\/\/www.camping-de-mars.com\/neem-contact-op-met"},"modified":"2022-07-15T11:31:41","modified_gmt":"2022-07-15T09:31:41","slug":"neem-contact-op-met","status":"publish","type":"page","link":"https:\/\/www.camping-de-mars.com\/nl\/neem-contact-op-met","title":{"rendered":"Neem contact op met"},"content":{"rendered":"\n<h2 class=\"wp-block-heading\">Neem contact op met Camping de Mars om uw vakantieaccommodatie in de Loire te reserveren<\/h2>\n\n<div class=\"wp-block-columns is-layout-flex wp-container-core-columns-is-layout-28f84493 wp-block-columns-is-layout-flex\">\n<div class=\"wp-block-column is-layout-flow wp-block-column-is-layout-flow\"><\/div>\n\n\n\n<div class=\"wp-block-column border border-success card p-4 is-layout-flow wp-block-column-is-layout-flow\">\n<figure class=\"wp-block-image aligncenter size-large is-resized\"><img decoding=\"async\" src=\"https:\/\/www.camping-de-mars.com\/wp-content\/uploads\/2022\/05\/logo-camping-de-mars-vert-1024x791.png\" alt=\"\" class=\"wp-image-377\" width=\"200\" srcset=\"https:\/\/www.camping-de-mars.com\/wp-content\/uploads\/2022\/05\/logo-camping-de-mars-vert-1024x791.png 1024w, https:\/\/www.camping-de-mars.com\/wp-content\/uploads\/2022\/05\/logo-camping-de-mars-vert-300x232.png 300w, https:\/\/www.camping-de-mars.com\/wp-content\/uploads\/2022\/05\/logo-camping-de-mars-vert-768x593.png 768w, https:\/\/www.camping-de-mars.com\/wp-content\/uploads\/2022\/05\/logo-camping-de-mars-vert.png 1200w\" sizes=\"(max-width: 1024px) 100vw, 1024px\" \/><\/figure>\n\n\n<div class=\"wp-block-group is-layout-flow wp-block-group-is-layout-flow\">\n<p class=\"has-text-align-center h2-like\">Camping de Mars<\/p>\n\n\n\n<p class=\"has-text-align-center\">444 chemin du camping<br\/>De rivieren<br\/>42123 CORDELLE<\/p>\n\n\n\n<p class=\"has-text-align-center\">04 77 64 94 42<\/p>\n<\/div>\n<\/div>\n\n\n\n<div class=\"wp-block-column is-layout-flow wp-block-column-is-layout-flow\"><\/div>\n<\/div>\n\n<div class=\"wp-block-columns is-layout-flex wp-container-core-columns-is-layout-28f84493 wp-block-columns-is-layout-flex\">\n<div class=\"wp-block-column is-layout-flow wp-block-column-is-layout-flow\">\n<p class=\"has-medium-font-size\">Aarzel niet om dit formulier in te vullen voor elk verzoek om informatie.<\/p>\n\n\n\t\t\t\t<form action=\"\" class=\"form-contact sevform needs-validation\" data-form-type=\"contact\" role=\"form\" method=\"post\" novalidate>\n\t\t\t<div class=\"form-row\">\n\t\t\t\t\t\t<div class=\"form-group col-md-6 \">\n\n\t\t\t<label class=\"col-form-label\" for=\"nom_nom\">\n\t\t\t\tNaam * \n\t\t\t<\/label>\n\n\t\t\t<input type=\"text\" id=\"nom_nom\" name=\"nom\" class=\"form-control\" value=\"\"  required>\n\n\t\t\t<div class=\"invalid-feedback\">Merci de renseigner votre nom<\/div>\n\t\t<\/div>\n\t\t\t\t<div class=\"form-group col-md-6 \">\n\n\t\t\t<label class=\"col-form-label\" for=\"prenom_prenom\">\n\t\t\t\tPr\u00e9nom \n\t\t\t<\/label>\n\n\t\t\t<input type=\"text\" id=\"prenom_prenom\" name=\"prenom\" class=\"form-control\" value=\"\" >\n\n\t\t\t<div class=\"invalid-feedback\">Merci de renseigner votre pr\u00e9nom<\/div>\n\t\t<\/div>\n\t\t\t\t\t<\/div>\n\t\t\t<div class=\"form-row\">\n\t\t\t\t\t\t<div class=\"form-group col-md-6 \">\n\n\t\t\t<label class=\"col-form-label\" for=\"email_email\">\n\t\t\t\tE-mail * \n\t\t\t<\/label>\n\n\t\t\t<input type=\"email\" id=\"email_email\" name=\"email\" class=\"form-control\" value=\"\"  required>\n\n\t\t\t<div class=\"invalid-feedback\">Merci de renseigner une adresse e-mail valide<\/div>\n\t\t<\/div>\n\t\t\t\t<div class=\"form-group col-md-6 \">\n\n\t\t\t<label class=\"col-form-label\" for=\"tel_tel\">\n\t\t\t\tTelefoon \n\t\t\t<\/label>\n\n\t\t\t<input type=\"tel\" id=\"tel_tel\" name=\"tel\" class=\"form-control\" value=\"\" >\n\n\t\t\t<div class=\"invalid-feedback\">Merci de renseigner un num\u00e9ro de t\u00e9l\u00e9phone valide<\/div>\n\t\t<\/div>\n\t\t\t\t\t<\/div>\n\n\t\t\t\t\t<div class=\"form-group \">\n\n\t\t\t<label class=\"col-form-label\" for=\"adresse_adresse\">\n\t\t\t\tAdres \n\t\t\t<\/label>\n\n\t\t\t<input type=\"text\" id=\"adresse_adresse\" name=\"adresse\" class=\"form-control\" value=\"\" >\n\n\t\t\t<div class=\"invalid-feedback\">Merci de renseigner votre adresse<\/div>\n\t\t<\/div>\n\t\t\n\t\t\t<div class=\"form-row\">\n\t\t\t\t\t<div class=\"form-group col-md-6 \">\n\n\t\t\t<label class=\"col-form-label\" for=\"cp_cp\">\n\t\t\t\tPostcode \n\t\t\t<\/label>\n\n\t\t\t<input type=\"text\" id=\"cp_cp\" name=\"cp\" class=\"form-control\" value=\"\" >\n\n\t\t\t<div class=\"invalid-feedback\">Merci de renseigner votre code postal<\/div>\n\t\t<\/div>\n\t\t\t\t<div class=\"form-group col-md-6 \">\n\n\t\t\t<label class=\"col-form-label\" for=\"ville_ville\">\n\t\t\t\tStad \n\t\t\t<\/label>\n\n\t\t\t<input type=\"text\" id=\"ville_ville\" name=\"ville\" class=\"form-control\" value=\"\" >\n\n\t\t\t<div class=\"invalid-feedback\">Merci de renseigner votre commune<\/div>\n\t\t<\/div>\n\t\t\t\t\t<\/div>\n\n\t\t\t\t\t<div class=\"form-group \">\n\n\t\t\t<label class=\"col-form-label\" for=\"msg_msg\">\n\t\t\t\tBericht * \n\t\t\t<\/label>\n\n\t\t\t<textarea name=\"msg\" id=\"msg_msg\" class=\"form-control\" rows=\"3\"  required><\/textarea>\n\n\t\t\t<div class=\"invalid-feedback\">Merci de sp\u00e9cifier votre demande<\/div>\n\t\t<\/div>\n\t\t\n\t\t\t\t\t<div class=\"form-group \">\n\n\t\t\t\t\t\t<div class=\"form-check\">\n\n\t\t\t\t\t\t\t\t<input class=\"form-check-input\" type=\"checkbox\" value=\"1\" name=\"rgpd\" id=\"rgpd_rgpd\"  required >\n\n\t\t\t\t<label class=\"form-check-label\" for=\"rgpd_rgpd\">\n\t\t\t\t\tIk stem ermee in dat de ingevoerde informatie mag worden gebruikt in het kader van het verzoek om informatie en de commerci\u00eble relatie die daaruit kan voortvloeien  *\t\t\t\t<\/label>\n\n\t\t\t\t<div class=\"invalid-feedback\">Votre consentement est requis<\/div>\n\t\t\t<\/div>\n\t\t\t\t\t<\/div>\n\t\t\n\t\t\t\t\t<div class=\"form-group form-group-hcaptcha \">\n\n\t\t\t<div class=\"h-captcha \" data-sitekey=\"6d424105-d7c3-4b31-b6b9-9348752c9f12\"><\/div>\n\t\t\t<div class=\"invalid-feedback\">La v\u00e9rification du captcha a \u00e9chou\u00e9e. Veuillez essayer de nouveau<\/div>\n\t\t<\/div>\n\t\t\n\t\t\t<div class=\"form-group contact-texte-container\">\n\t\t\t\t<input type=\"text\" class=\"contact-texte\" name=\"texte\" value=\"\">\n\t\t\t<\/div>\n\n\t\t\t<div class=\"form-group text-center\">\n\t\t\t\t<input type=\"hidden\" name=\"nonce\" value=\"5949926278\">\n\t\t\t\t\t\t\t\t<button type=\"submit\" name=\"submit\" class=\"btn btn-primary\">Stuur<\/button>\n\t\t\t\t<small class=\"ml-3\">*Verplicht veld<\/small>\n\t\t\t<\/div>\n\n\t\t\t<p><small>\n\t\t\t\t\t\t\t<\/small><\/p>\n\n\t\t\t\t\t<script>\n\t\t\/*jshint esversion: 6 *\/\n\t\t( function() {\n\t\t\t'use strict';\n\t\t\twindow.addEventListener( 'load', function() {\n\n\t\t\t\tvar SEVForms       = document.getElementsByClassName( 'sevform' );\n\t\t\t\tvar submitSevForms = Array.prototype.filter.call( SEVForms, function( form ) {\n\n\t\t\t\t\tform.addEventListener( 'submit', function( event ) {\n\n\t\t\t\t\t\t\/\/ Fields validation.\n\t\t\t\t\t\tif ( form.classList.contains( 'needs-validation' ) ) {\n\n\t\t\t\t\t\t\tform.classList.add('was-validated');\n\n\t\t\t\t\t\t\tif ( form.checkValidity() === false ) {\n\n\t\t\t\t\t\t\t\tevent.preventDefault();\n\t\t\t\t\t\t\t\tevent.stopPropagation();\n\n\t\t\t\t\t\t\t\treturn false;\n\t\t\t\t\t\t\t}\n\t\t\t\t\t\t}\n\n\t\t\t\t\t\t\/\/ AJAX send.\n\t\t\t\t\t\tif ( form.classList.contains( 'send-with-ajax' ) ) {\n\n\t\t\t\t\t\t\tevent.preventDefault();\n\t\t\t\t\t\t\tevent.stopPropagation();\n\n\t\t\t\t\t\t\tvar httpRequest, data, formData, formType;\n\n\t\t\t\t\t\t\thttpRequest = new XMLHttpRequest();\n\t\t\t\t\t\t\tformData    = new FormData( form );\n\t\t\t\t\t\t\tformType    = form.getAttribute( 'data-form-type' );\n\t\t\t\t\t\t\tdata        = 'action=sevform_submit';\n\t\t\t\t\t\t\tdata       += '&type=' + formType;\n\n\t\t\t\t\t\t\tfor( var pair of formData.entries() ) {\n\t\t\t\t\t\t\t\tdata += '&' + pair[0] + '=' + pair[1];\n\t\t\t\t\t\t\t}\n\n\t\t\t\t\t\t\thttpRequest.onreadystatechange = function() {\n\n\t\t\t\t\t\t\t\tif ( httpRequest.readyState === XMLHttpRequest.DONE ) {\n\n\t\t\t\t\t\t\t\t\tif ( httpRequest.status === 200 ) {\n\n\t\t\t\t\t\t\t\t\t\tvar response = JSON.parse( httpRequest.responseText );\n\n\t\t\t\t\t\t\t\t\t\tif ( 'true' == xhr.responseText ) {\n\t\t\t\t\t\t\t\t\t\t\treturn true;\n\t\t\t\t\t\t\t\t\t\t}\n\t\t\t\t\t\t\t\t\t} else {\n\t\t\t\t\t\t\t\t\t\tconsole.log( 'There was a problem with the request.' );\n\t\t\t\t\t\t\t\t\t}\n\t\t\t\t\t\t\t\t}\n\t\t\t\t\t\t\t};\n\t\t\t\t\t\t\thttpRequest.open( 'POST', AjaxVar.ajaxurl );\n\t\t\t\t\t\t\thttpRequest.setRequestHeader( 'Content-Type', 'application\/x-www-form-urlencoded; charset=UTF-8' );\n\t\t\t\t\t\t\thttpRequest.send( data );\n\t\t\t\t\t\t}\n\t\t\t\t\t}, false );\n\t\t\t\t} );\n\t\t\t}, false );\n\t\t} )();\n\t\t<\/script>\n\t\t\t\t<\/form>\n\t\t\n\n\n\n<p><\/p>\n<\/div>\n\n\n\n<div class=\"wp-block-column is-layout-flow wp-block-column-is-layout-flow\">\n<p class=\"has-medium-font-size\">Hoe komt u op Camping de Mars in Cordelle (42)?<\/p>\n\n\n\n<p>Of u nu vanuit Bully (ZW) of Cordelle (NW) komt, u zult de richting &#8220;Chateau de la Roche&#8221; moeten volgen. De camping ligt aan uw rechterhand.<\/p>\n\n\n\n<p>Als je van St Symphorien de Lay komt, heb je 2 oplossingen:<\/p>\n\n\n\n<p>Neem de richting St Priest la Roche en vervolgens Chateau de la Roche. Bij het kasteel neemt u de D56 naar rechts. De camping ligt 3 km verder aan uw linkerhand. Maar pas op! Deze route kan lastig zijn voor caravans en campers.<\/p>\n\n\n\n<p>De beste oplossing voor paardenkoetsen en campers is op de RN7 te blijven tot Le Coteau, en dan richting Commelle-Vernay, Cordelle, en tenslotte Ch\u00e2teau de la Roche te rijden. U vindt de camping dan aan uw rechterhand.<\/p>\n\n\n\n<iframe src=\"https:\/\/www.google.com\/maps\/embed?pb=!1m28!1m12!1m3!1d74607.20013654915!2d4.025424298341626!3d45.97911514861075!2m3!1f0!2f0!3f0!3m2!1i1024!2i768!4f13.1!4m13!3e6!4m5!1s0x47f410c78c48ac07%3A0xcad0cbcc5b5e0888!2sFLOWER%20CAMPING%20DE%20MARS%2C%20Les%20Rivi%C3%A8res%20444%20Route%20du%20Camping%2C%2042123%20Cordelle!3m2!1d45.916070999999995!2d4.0611545!4m5!1s0x47f410c78c48ac07%3A0xcad0cbcc5b5e0888!2sCamping%20de%20Mars!3m2!1d45.916070999999995!2d4.0611545!5e0!3m2!1sfr!2sfr!4v1657523723387!5m2!1sfr!2sfr\" width=\"700\" height=\"400\" style=\"border:0;\" allowfullscreen=\"\" loading=\"lazy\" referrerpolicy=\"no-referrer-when-downgrade\"><\/iframe>\n<\/div>\n<\/div>\n\n<div class=\"wp-block-group is-layout-flow wp-block-group-is-layout-flow\">\n<p class=\"has-text-align-center h2-like\"><\/p>\n<\/div>\n","protected":false},"excerpt":{"rendered":"<p>Neem contact op met Camping de Mars om uw vakantieaccommodatie in de Loire te reserveren Camping de Mars 444 chemin du campingDe rivieren42123 CORDELLE 04 77 64 94 42 Aarzel niet om dit formulier in te vullen voor elk verzoek om informatie. Hoe komt u op Camping de Mars in Cordelle (42)? Of u nu [&hellip;]<\/p>\n","protected":false},"author":1,"featured_media":0,"parent":0,"menu_order":0,"comment_status":"closed","ping_status":"closed","template":"","meta":{"_seopress_robots_primary_cat":"","_seopress_titles_title":"Neem contact op met Camping de Mars voor uw verblijf in de Loire","_seopress_titles_desc":"Bel of vul het formulier in om te reserveren of om uw vragen te stellen over de 4-sterren camping","_seopress_robots_index":"","footnotes":""},"class_list":["post-1202","page","type-page","status-publish","hentry"],"_links":{"self":[{"href":"https:\/\/www.camping-de-mars.com\/nl\/wp-json\/wp\/v2\/pages\/1202","targetHints":{"allow":["GET"]}}],"collection":[{"href":"https:\/\/www.camping-de-mars.com\/nl\/wp-json\/wp\/v2\/pages"}],"about":[{"href":"https:\/\/www.camping-de-mars.com\/nl\/wp-json\/wp\/v2\/types\/page"}],"author":[{"embeddable":true,"href":"https:\/\/www.camping-de-mars.com\/nl\/wp-json\/wp\/v2\/users\/1"}],"replies":[{"embeddable":true,"href":"https:\/\/www.camping-de-mars.com\/nl\/wp-json\/wp\/v2\/comments?post=1202"}],"version-history":[{"count":1,"href":"https:\/\/www.camping-de-mars.com\/nl\/wp-json\/wp\/v2\/pages\/1202\/revisions"}],"predecessor-version":[{"id":1203,"href":"https:\/\/www.camping-de-mars.com\/nl\/wp-json\/wp\/v2\/pages\/1202\/revisions\/1203"}],"wp:attachment":[{"href":"https:\/\/www.camping-de-mars.com\/nl\/wp-json\/wp\/v2\/media?parent=1202"}],"curies":[{"name":"wp","href":"https:\/\/api.w.org\/{rel}","templated":true}]}}