{"id":5245,"date":"2023-03-15T19:51:58","date_gmt":"2023-03-15T18:51:58","guid":{"rendered":"https:\/\/www.camping-de-mars.com\/cancellation-insurance"},"modified":"2024-06-17T10:37:47","modified_gmt":"2024-06-17T08:37:47","slug":"cancellation-insurance","status":"publish","type":"page","link":"https:\/\/www.camping-de-mars.com\/en\/cancellation-insurance","title":{"rendered":"CANCELLATION INSURANCE"},"content":{"rendered":"\n<p class=\"has-text-align-center\"><strong>We have chosen Meetch as our partner for your cancellation insurance. <\/strong><\/p>\n\n<p> Meetch guarantees : <\/p>\n\n<p>24-hour response and 48-hour money-back guarantee<\/p>\n\n<p>Covers cancellations, late arrivals and interrupted stays<\/p>\n\n<p>Online refund request in less than a minute<\/p>\n\n<p>100% reimbursement with no deductible<\/p>\n\n<div data-wp-interactive=\"core\/file\" class=\"wp-block-file\"><object data-wp-bind--hidden=\"!state.hasPdfPreview\" hidden class=\"wp-block-file__embed\" data=\"https:\/\/www.camping-de-mars.com\/wp-content\/uploads\/2023\/03\/Doc-B2C-Imprimable-Francais.pdf\" type=\"application\/pdf\" style=\"width:100%;height:600px\" aria-label=\"Embed of Conditions d\u2019annulation en Fran\u00e7ais .\"><\/object><a id=\"wp-block-file--media-253518bb-5a98-4052-8d2b-50ebd8824c53\" href=\"https:\/\/www.camping-de-mars.com\/wp-content\/uploads\/2023\/03\/Doc-B2C-Imprimable-Francais.pdf\">En Fran\u00e7ais cancellation policy <\/a><a href=\"https:\/\/www.camping-de-mars.com\/wp-content\/uploads\/2023\/03\/Doc-B2C-Imprimable-Francais.pdf\" class=\"wp-block-file__button wp-element-button\" download=\"\" aria-describedby=\"wp-block-file--media-253518bb-5a98-4052-8d2b-50ebd8824c53\">Download<\/a><\/div>\n\n<div data-wp-interactive=\"core\/file\" class=\"wp-block-file\"><object data-wp-bind--hidden=\"!state.hasPdfPreview\" hidden class=\"wp-block-file__embed\" data=\"https:\/\/www.camping-de-mars.com\/wp-content\/uploads\/2023\/03\/Doc-B2C-Imprimable-Anglais_compressed.pdf\" type=\"application\/pdf\" style=\"width:100%;height:600px\" aria-label=\"Embed of terms of cancelation In English .\"><\/object><a id=\"wp-block-file--media-c260f194-2934-4fe7-99a6-1a5aeb7affd3\" href=\"https:\/\/www.camping-de-mars.com\/wp-content\/uploads\/2023\/03\/Doc-B2C-Imprimable-Anglais_compressed.pdf\">terms of cancellation In English <\/a><a href=\"https:\/\/www.camping-de-mars.com\/wp-content\/uploads\/2023\/03\/Doc-B2C-Imprimable-Anglais_compressed.pdf\" class=\"wp-block-file__button wp-element-button\" download=\"\" aria-describedby=\"wp-block-file--media-c260f194-2934-4fe7-99a6-1a5aeb7affd3\">Download<\/a><\/div>\n\n<div data-wp-interactive=\"core\/file\" class=\"wp-block-file\"><object data-wp-bind--hidden=\"!state.hasPdfPreview\" hidden class=\"wp-block-file__embed\" data=\"https:\/\/www.camping-de-mars.com\/wp-content\/uploads\/2023\/03\/Doc-B2C-Imprimable-Neerlandais.pdf\" type=\"application\/pdf\" style=\"width:100%;height:600px\" aria-label=\"Embed of Annuleringsvoorwaarden in het Nederlands.\"><\/object><a id=\"wp-block-file--media-e2d6976b-f725-4a8c-8292-59d694b6c56e\" href=\"https:\/\/www.camping-de-mars.com\/wp-content\/uploads\/2023\/03\/Doc-B2C-Imprimable-Neerlandais.pdf\">Annuleringsvoorwaarden in het Nederlands<\/a><a href=\"https:\/\/www.camping-de-mars.com\/wp-content\/uploads\/2023\/03\/Doc-B2C-Imprimable-Neerlandais.pdf\" class=\"wp-block-file__button wp-element-button\" download=\"\" aria-describedby=\"wp-block-file--media-e2d6976b-f725-4a8c-8292-59d694b6c56e\">Download<\/a><\/div>\n\n<div class=\"wp-block-group is-layout-constrained wp-block-group-is-layout-constrained\"><\/div>\n\n<div data-wp-interactive=\"core\/file\" class=\"wp-block-file\"><object data-wp-bind--hidden=\"!state.hasPdfPreview\" hidden class=\"wp-block-file__embed\" data=\"https:\/\/www.camping-de-mars.com\/wp-content\/uploads\/2023\/03\/Doc-B2C-Imprimable-Allemand_compressed.pdf\" type=\"application\/pdf\" style=\"width:100%;height:600px\" aria-label=\"Embed of Stornierungsbedingung auf Deutsch.\"><\/object><a id=\"wp-block-file--media-671049e2-462f-4234-ad8a-abe840128f3a\" href=\"https:\/\/www.camping-de-mars.com\/wp-content\/uploads\/2023\/03\/Doc-B2C-Imprimable-Allemand_compressed.pdf\">Stornierungsbedingung auf Deutsch<\/a><a href=\"https:\/\/www.camping-de-mars.com\/wp-content\/uploads\/2023\/03\/Doc-B2C-Imprimable-Allemand_compressed.pdf\" class=\"wp-block-file__button wp-element-button\" download=\"\" aria-describedby=\"wp-block-file--media-671049e2-462f-4234-ad8a-abe840128f3a\">Download<\/a><\/div>\n\n<div data-wp-interactive=\"core\/file\" class=\"wp-block-file\"><object data-wp-bind--hidden=\"!state.hasPdfPreview\" hidden class=\"wp-block-file__embed\" data=\"https:\/\/www.camping-de-mars.com\/wp-content\/uploads\/2023\/03\/Doc-B2C-Imprimable-Espagnol_compressed.pdf\" type=\"application\/pdf\" style=\"width:100%;height:600px\" aria-label=\"Embed of Condici\u00f3n de cancelaci\u00f3n en espa\u00f1ol.\"><\/object><a id=\"wp-block-file--media-3218d92d-54f5-4e31-b976-92e76a985939\" href=\"https:\/\/www.camping-de-mars.com\/wp-content\/uploads\/2023\/03\/Doc-B2C-Imprimable-Espagnol_compressed.pdf\">Condici\u00f3n de cancelaci\u00f3n en espa\u00f1ol<\/a><a href=\"https:\/\/www.camping-de-mars.com\/wp-content\/uploads\/2023\/03\/Doc-B2C-Imprimable-Espagnol_compressed.pdf\" class=\"wp-block-file__button wp-element-button\" download=\"\" aria-describedby=\"wp-block-file--media-3218d92d-54f5-4e31-b976-92e76a985939\">Download<\/a><\/div>\n","protected":false},"excerpt":{"rendered":"<p>We have chosen Meetch as our partner for your cancellation insurance. Meetch guarantees : 24-hour response and 48-hour money-back guarantee Covers cancellations, late arrivals and interrupted stays Online refund request in less than a minute 100% reimbursement with no deductible<\/p>\n","protected":false},"author":2,"featured_media":0,"parent":0,"menu_order":0,"comment_status":"closed","ping_status":"closed","template":"","meta":{"_seopress_robots_primary_cat":"","_seopress_titles_title":"Cancellation insurance","_seopress_titles_desc":"Insurance","_seopress_robots_index":"","footnotes":""},"class_list":["post-5245","page","type-page","status-publish","hentry"],"_links":{"self":[{"href":"https:\/\/www.camping-de-mars.com\/en\/wp-json\/wp\/v2\/pages\/5245","targetHints":{"allow":["GET"]}}],"collection":[{"href":"https:\/\/www.camping-de-mars.com\/en\/wp-json\/wp\/v2\/pages"}],"about":[{"href":"https:\/\/www.camping-de-mars.com\/en\/wp-json\/wp\/v2\/types\/page"}],"author":[{"embeddable":true,"href":"https:\/\/www.camping-de-mars.com\/en\/wp-json\/wp\/v2\/users\/2"}],"replies":[{"embeddable":true,"href":"https:\/\/www.camping-de-mars.com\/en\/wp-json\/wp\/v2\/comments?post=5245"}],"version-history":[{"count":1,"href":"https:\/\/www.camping-de-mars.com\/en\/wp-json\/wp\/v2\/pages\/5245\/revisions"}],"predecessor-version":[{"id":5246,"href":"https:\/\/www.camping-de-mars.com\/en\/wp-json\/wp\/v2\/pages\/5245\/revisions\/5246"}],"wp:attachment":[{"href":"https:\/\/www.camping-de-mars.com\/en\/wp-json\/wp\/v2\/media?parent=5245"}],"curies":[{"name":"wp","href":"https:\/\/api.w.org\/{rel}","templated":true}]}}