{"id":1224,"date":"2022-05-30T12:09:35","date_gmt":"2022-05-30T10:09:35","guid":{"rendered":"https:\/\/www.camping-de-mars.com\/cultural-activities"},"modified":"2022-07-15T11:31:44","modified_gmt":"2022-07-15T09:31:44","slug":"cultural-activities","status":"publish","type":"page","link":"https:\/\/www.camping-de-mars.com\/en\/cultural-activities","title":{"rendered":"Cultural activities"},"content":{"rendered":"\n<p>If you like cultivation, the Roannaise soil will meet your requirements.<\/p>\n\n<div class=\"wp-block-media-text alignwide is-stacked-on-mobile\"><figure class=\"wp-block-media-text__media\"><img loading=\"lazy\" decoding=\"async\" width=\"1024\" height=\"768\" src=\"https:\/\/www.camping-de-mars.com\/wp-content\/uploads\/2022\/06\/Le-chateau-de-la-roche-2-\u00a9-RT.jpg\" alt=\"Castle of the Rock\" class=\"wp-image-415 size-full\" srcset=\"https:\/\/www.camping-de-mars.com\/wp-content\/uploads\/2022\/06\/Le-chateau-de-la-roche-2-\u00a9-RT.jpg 1024w, https:\/\/www.camping-de-mars.com\/wp-content\/uploads\/2022\/06\/Le-chateau-de-la-roche-2-\u00a9-RT-300x225.jpg 300w, https:\/\/www.camping-de-mars.com\/wp-content\/uploads\/2022\/06\/Le-chateau-de-la-roche-2-\u00a9-RT-768x576.jpg 768w\" sizes=\"auto, (max-width: 1024px) 100vw, 1024px\" \/><\/figure><div class=\"wp-block-media-text__content\">\n<h2 class=\"wp-block-heading\">Castle of the Rock<\/h2>\n\n\n\n<p>First of all, the<strong> Ch\u00e2teau de la Roche<\/strong>, next to the campsite, will take you back in time. A dramatized visit will make you discover this jewel planted on its rock.  <\/p>\n\n\n\n<p>A little fun, by participating in their <strong>escape game <\/strong>and find out how to get out of the room, adrenaline guaranteed!  <\/p>\n\n\n\n<p><a href=\"https:\/\/www.lechateaudelaroche.fr\/\" target=\"_blank\" rel=\"noreferrer noopener\">https:\/\/www.lechateaudelaroche.fr\/<\/a><\/p>\n<\/div><\/div>\n\n<div class=\"wp-block-media-text alignwide has-media-on-the-right is-stacked-on-mobile\"><figure class=\"wp-block-media-text__media\"><img loading=\"lazy\" decoding=\"async\" width=\"800\" height=\"533\" src=\"https:\/\/www.camping-de-mars.com\/wp-content\/uploads\/2022\/07\/prieure-pommier.jpg\" alt=\"Prieur\u00e9 Pommier\" class=\"wp-image-531 size-full\" srcset=\"https:\/\/www.camping-de-mars.com\/wp-content\/uploads\/2022\/07\/prieure-pommier.jpg 800w, https:\/\/www.camping-de-mars.com\/wp-content\/uploads\/2022\/07\/prieure-pommier-300x200.jpg 300w, https:\/\/www.camping-de-mars.com\/wp-content\/uploads\/2022\/07\/prieure-pommier-768x512.jpg 768w\" sizes=\"auto, (max-width: 800px) 100vw, 800px\" \/><\/figure><div class=\"wp-block-media-text__content\">\n<h2 class=\"wp-block-heading\">The priory of Pommier<\/h2>\n\n\n\n<p>Go back a thousand years with<strong> the Pommier priory<\/strong>.  <br\/>This cluniac site full of history will reveal its cloister and its frameworks through a guided tour.  <\/p>\n\n\n\n<p><a href=\"https:\/\/www.loire.fr\/jcms\/lw_1320750\/le-prieure-de-pommiers-en-forez\" target=\"_blank\" rel=\"noreferrer noopener\">https:\/\/www.loire.fr\/jcms\/lw_1320750\/le-prieure-de-pommiers-en-forez<\/a><\/p>\n<\/div><\/div>\n\n<div class=\"wp-block-media-text alignwide is-stacked-on-mobile\"><figure class=\"wp-block-media-text__media\"><img loading=\"lazy\" decoding=\"async\" width=\"1024\" height=\"576\" src=\"https:\/\/www.camping-de-mars.com\/wp-content\/uploads\/2022\/07\/urfe-1024x576.jpg\" alt=\"Ch\u00e2teau des Cornes d&#039;Urf\u00e9\" class=\"wp-image-532 size-full\" srcset=\"https:\/\/www.camping-de-mars.com\/wp-content\/uploads\/2022\/07\/urfe-1024x576.jpg 1024w, https:\/\/www.camping-de-mars.com\/wp-content\/uploads\/2022\/07\/urfe-300x169.jpg 300w, https:\/\/www.camping-de-mars.com\/wp-content\/uploads\/2022\/07\/urfe-768x432.jpg 768w, https:\/\/www.camping-de-mars.com\/wp-content\/uploads\/2022\/07\/urfe.jpg 1200w\" sizes=\"auto, (max-width: 1024px) 100vw, 1024px\" \/><\/figure><div class=\"wp-block-media-text__content\">\n<h2 class=\"wp-block-heading\">Ch\u00e2teau des Cornes d&#8217;Urf\u00e9<\/h2>\n\n\n\n<p>In the heart of the Urf\u00e9 region, in the commune of Champoly, the <strong>Ch\u00e2teau des Cornes d&#8217;Urf\u00e9 <\/strong>is a medieval building that offers a magnificent panorama of the surrounding mountains.  <\/p>\n\n\n\n<p>Built between the 12th and 16th centuries, it was born of the desire to observe the region from an exceptional vantage point.  <\/p>\n\n\n\n<p><a href=\"https:\/\/www.chateaudurfe.org\/\" target=\"_blank\" rel=\"noreferrer noopener\">https:\/\/www.chateaudurfe.org\/<\/a><\/p>\n<\/div><\/div>\n\n<div class=\"wp-block-media-text alignwide has-media-on-the-right is-stacked-on-mobile\"><figure class=\"wp-block-media-text__media\"><img loading=\"lazy\" decoding=\"async\" width=\"1024\" height=\"683\" src=\"https:\/\/www.camping-de-mars.com\/wp-content\/uploads\/2022\/06\/ambierle-\u00a9-RT.jpg\" alt=\"Ambierle\" class=\"wp-image-417 size-full\" srcset=\"https:\/\/www.camping-de-mars.com\/wp-content\/uploads\/2022\/06\/ambierle-\u00a9-RT.jpg 1024w, https:\/\/www.camping-de-mars.com\/wp-content\/uploads\/2022\/06\/ambierle-\u00a9-RT-300x200.jpg 300w, https:\/\/www.camping-de-mars.com\/wp-content\/uploads\/2022\/06\/ambierle-\u00a9-RT-768x512.jpg 768w\" sizes=\"auto, (max-width: 1024px) 100vw, 1024px\" \/><\/figure><div class=\"wp-block-media-text__content\">\n<h2 class=\"wp-block-heading\">Ambierle<\/h2>\n\n\n\n<p>North of the Loire, nestled in the heart of Ambierle, a village of character built on a promontory, the <strong>priory<\/strong> will arouse your curiosity.  <\/p>\n\n\n\n<p>Built mainly in the 14th and 15th centuries, it is visible from afar thanks to its magnificent glazed tile roof. Located in the foothills of the Madeleine Mountains, it is perfectly integrated into a bucolic landscape and is a real jewel for the Auvergne-Rh\u00f4ne-Alpes region.  <\/p>\n\n\n\n<p><a href=\"http:\/\/www.ambierle.fr\/\" target=\"_blank\" rel=\"noreferrer noopener\">http:\/\/www.ambierle.fr\/<\/a><\/p>\n<\/div><\/div>\n\n<div class=\"wp-block-media-text alignwide is-stacked-on-mobile\"><figure class=\"wp-block-media-text__media\"><img loading=\"lazy\" decoding=\"async\" width=\"1024\" height=\"768\" src=\"https:\/\/www.camping-de-mars.com\/wp-content\/uploads\/2022\/06\/couvent-des-cordeliers-\u00a9-RT.jpg\" alt=\"The Cordeliers convent\" class=\"wp-image-418 size-full\" srcset=\"https:\/\/www.camping-de-mars.com\/wp-content\/uploads\/2022\/06\/couvent-des-cordeliers-\u00a9-RT.jpg 1024w, https:\/\/www.camping-de-mars.com\/wp-content\/uploads\/2022\/06\/couvent-des-cordeliers-\u00a9-RT-300x225.jpg 300w, https:\/\/www.camping-de-mars.com\/wp-content\/uploads\/2022\/06\/couvent-des-cordeliers-\u00a9-RT-768x576.jpg 768w\" sizes=\"auto, (max-width: 1024px) 100vw, 1024px\" \/><\/figure><div class=\"wp-block-media-text__content\">\n<h2 class=\"wp-block-heading\">The Cordeliers convent<\/h2>\n\n\n\n<p>When you enter the <strong>Cordeliers convent<\/strong>, you are surprised to discover a cloister built with local stones of a beautiful golden color! Walk through the four galleries and take the opportunity to linger on the capitals of the North Gallery.  <\/p>\n\n\n\n<p>It presents animals, fantastic and monstrous beings&#8230; Enter the church and let yourself be surprised by the magnificent wooden frame and the important dimensions of the building.  <\/p>\n\n\n\n<p><a href=\"https:\/\/www.loire.fr\/jcms\/c_743950\/couvent-des-cordeliers#niveau_3\" target=\"_blank\" rel=\"noreferrer noopener\">https:\/\/www.loire.fr\/jcms\/c_743950\/couvent-des-cordeliers#niveau_3<\/a><\/p>\n<\/div><\/div>\n\n<div class=\"wp-block-media-text alignwide has-media-on-the-right is-stacked-on-mobile\"><figure class=\"wp-block-media-text__media\"><img loading=\"lazy\" decoding=\"async\" width=\"1024\" height=\"683\" src=\"https:\/\/www.camping-de-mars.com\/wp-content\/uploads\/2022\/06\/cloitre-charlieu-\u00a9-RT.jpg\" alt=\"The Benedictine abbey of Charlieu\" class=\"wp-image-419 size-full\" srcset=\"https:\/\/www.camping-de-mars.com\/wp-content\/uploads\/2022\/06\/cloitre-charlieu-\u00a9-RT.jpg 1024w, https:\/\/www.camping-de-mars.com\/wp-content\/uploads\/2022\/06\/cloitre-charlieu-\u00a9-RT-300x200.jpg 300w, https:\/\/www.camping-de-mars.com\/wp-content\/uploads\/2022\/06\/cloitre-charlieu-\u00a9-RT-768x512.jpg 768w\" sizes=\"auto, (max-width: 1024px) 100vw, 1024px\" \/><\/figure><div class=\"wp-block-media-text__content\">\n<h2 class=\"wp-block-heading\">The Benedictine abbey of Charlieu<\/h2>\n\n\n\n<p>Founded around 875, <strong>the Benedictine abbey of Charlieu<\/strong> was attached in the middle of the 10th century to the great Burgundian abbey of Cluny.  <\/p>\n\n\n\n<p>This monastic complex, north of the Loire, is endowed with unique architectural qualities: medieval houses, Philippe Auguste Tower, defensive keep&#8230;<\/p>\n\n\n\n<p><a href=\"https:\/\/www.loire.fr\/jcms\/lw_1320759\/l-abbaye-benedictine-de-charlieu\" target=\"_blank\" rel=\"noreferrer noopener\">https:\/\/www.loire.fr\/jcms\/lw_1320759\/l-abbaye-benedictine-de-charlieu<\/a><\/p>\n<\/div><\/div>\n\n<div style=\"height:40px\" aria-hidden=\"true\" class=\"wp-block-spacer\"><\/div>\n\n<p class=\"has-text-align-center\">And to discover all the<strong> other wonders<\/strong> that hide our beautiful department do not hesitate to consult the site of Roannais Tourism:<br\/><a rel=\"noreferrer noopener\" href=\"https:\/\/www.roannais-tourisme.com\/patrimoine\/sites-monuments\/\" target=\"_blank\">https:\/\/www.roannais-tourisme.com\/patrimoine\/sites-monuments\/<\/a><\/p>\n","protected":false},"excerpt":{"rendered":"<p>If you like cultivation, the Roannaise soil will meet your requirements. Castle of the Rock First of all, the Ch\u00e2teau de la Roche, next to the campsite, will take you back in time. A dramatized visit will make you discover this jewel planted on its rock. A little fun, by participating in their escape game [&hellip;]<\/p>\n","protected":false},"author":1,"featured_media":0,"parent":0,"menu_order":0,"comment_status":"closed","ping_status":"closed","template":"","meta":{"_seopress_robots_primary_cat":"","_seopress_titles_title":"Cultural activities near the campsite in Cordelle","_seopress_titles_desc":"Camping in the 42 with many activities for the whole family  ","_seopress_robots_index":"","footnotes":""},"class_list":["post-1224","page","type-page","status-publish","hentry"],"_links":{"self":[{"href":"https:\/\/www.camping-de-mars.com\/en\/wp-json\/wp\/v2\/pages\/1224","targetHints":{"allow":["GET"]}}],"collection":[{"href":"https:\/\/www.camping-de-mars.com\/en\/wp-json\/wp\/v2\/pages"}],"about":[{"href":"https:\/\/www.camping-de-mars.com\/en\/wp-json\/wp\/v2\/types\/page"}],"author":[{"embeddable":true,"href":"https:\/\/www.camping-de-mars.com\/en\/wp-json\/wp\/v2\/users\/1"}],"replies":[{"embeddable":true,"href":"https:\/\/www.camping-de-mars.com\/en\/wp-json\/wp\/v2\/comments?post=1224"}],"version-history":[{"count":1,"href":"https:\/\/www.camping-de-mars.com\/en\/wp-json\/wp\/v2\/pages\/1224\/revisions"}],"predecessor-version":[{"id":1230,"href":"https:\/\/www.camping-de-mars.com\/en\/wp-json\/wp\/v2\/pages\/1224\/revisions\/1230"}],"wp:attachment":[{"href":"https:\/\/www.camping-de-mars.com\/en\/wp-json\/wp\/v2\/media?parent=1224"}],"curies":[{"name":"wp","href":"https:\/\/api.w.org\/{rel}","templated":true}]}}