{"id":1332,"date":"2022-05-25T13:58:29","date_gmt":"2022-05-25T11:58:29","guid":{"rendered":"https:\/\/www.camping-de-mars.com\/startseite"},"modified":"2024-06-10T12:18:32","modified_gmt":"2024-06-10T10:18:32","slug":"startseite","status":"publish","type":"page","link":"https:\/\/www.camping-de-mars.com\/de","title":{"rendered":"Startseite"},"content":{"rendered":"\n<h1 class=\"wp-block-heading\">Willkommen in den Gorges de La Loire auf dem Campingplatz Mars<\/h1>\n\n<h2 class=\"wp-block-heading\">F\u00fcr Ihren Familienurlaub in einer gr\u00fcnen Umgebung, <br\/>genie\u00dfen Sie eine au\u00dfergew\u00f6hnliche Aussicht<\/h2>\n\n<div class=\"wp-block-columns is-layout-flex wp-container-core-columns-is-layout-28f84493 wp-block-columns-is-layout-flex\">\n<div class=\"wp-block-column is-layout-flow wp-block-column-is-layout-flow\">\n<p>Brauchen Sie Abwechslung vom Alltag?<br\/>Sich in einer gr\u00fcnen Umgebung mit einem <strong>au\u00dfergew\u00f6hnlichen Blick auf die Schluchten der Loire<\/strong> zu befinden?<br\/>Die Ruhe der Natur zu genie\u00dfen und sich zu entspannen?<\/p>\n\n\n\n<p>Dann ist unser kleiner Campingplatz mit 65 Stellpl\u00e4tzen, ideal gelegen auf der <strong>Halbinsel Mars<\/strong>, genau das Richtige f\u00fcr Sie. Hier k\u00f6nnen Sie einen unvergesslichen Aufenthalt auf <a href=\"https:\/\/www.camping-de-mars.com\/de\/die-standorte\" data-type=\"page\" data-id=\"215\">Stellpl\u00e4tzen<\/a> oder in <a href=\"https:\/\/www.camping-de-mars.com\/de\/die-unterkuenfte\" data-type=\"page\" data-id=\"198\">Unterk\u00fcnften<\/a> verbringen!<br\/>Eine Halbinsel, ein Campingplatz, eine Ruderbasis&#8230; Sie sind auf dem Mars!<\/p>\n<\/div>\n\n\n\n<div class=\"wp-block-column is-layout-flow wp-block-column-is-layout-flow\">\n<p>C\u00e9line, Fabrice, Florine, Flavian und L\u00e9on, eine Familie mit einem sch\u00f6nen Projekt, das 2015 Wirklichkeit wird! <\/p>\n\n\n\n<p>Wir stammen aus dem Departement Yonne und lassen uns in der Loire nieder, die wir gerade erst entdecken und die uns mit ihren <strong><a href=\"https:\/\/www.camping-de-mars.com\/activites-culturelles\" data-type=\"page\" data-id=\"245\">kulturellen<\/a><\/strong> Reicht\u00fcmern fasziniert, <strong><a href=\"https:\/\/www.camping-de-mars.com\/de\/die-naturspaziergaenge\" data-type=\"page\" data-id=\"224\">nat\u00fcrliche<\/a><\/strong> und <strong><a href=\"https:\/\/www.camping-de-mars.com\/de\/gastronomie\" data-type=\"page\" data-id=\"243\">gastronomisch<\/a><\/strong>. Wir freuen uns darauf, sie Ihnen w\u00e4hrend Ihres Aufenthalts zu zeigen.<\/p>\n\n\n\n<p>Wir tun unser Bestes, um Ihnen einen <strong>angenehmen Aufenthalt auf unserem kleinen Familiencampingplatz<\/strong> zu erm\u00f6glichen. <\/p>\n\n\n\n<p>Wir warten auf dich! <\/p>\n<\/div>\n<\/div>\n\n<div class=\"wp-block-columns is-layout-flex wp-container-core-columns-is-layout-28f84493 wp-block-columns-is-layout-flex\">\n<div class=\"wp-block-column is-layout-flow wp-block-column-is-layout-flow\">\n<h2 class=\"wp-block-heading has-text-align-center\">Wir sind das ganze Jahr \u00fcber unter der Nummer 04.77.64.94.42 erreichbar.<\/h2>\n\n\n\n<h2 class=\"wp-block-heading has-text-align-center\">Er\u00f6ffnung am 1. April 2024<\/h2>\n<\/div>\n<\/div>\n\n<div class=\"wp-block-columns is-layout-flex wp-container-core-columns-is-layout-28f84493 wp-block-columns-is-layout-flex\">\n<div class=\"wp-block-column is-layout-flow wp-block-column-is-layout-flow\">\n<figure class=\"wp-block-image aligncenter size-large is-resized\"><img loading=\"lazy\" decoding=\"async\" width=\"1024\" height=\"791\" src=\"https:\/\/www.camping-de-mars.com\/wp-content\/uploads\/2022\/05\/logo-camping-de-mars-vert-1024x791.png\" alt=\"Camping de Mars in den Schluchten der Loire \" class=\"wp-image-377\" style=\"width:321px;height:auto\" srcset=\"https:\/\/www.camping-de-mars.com\/wp-content\/uploads\/2022\/05\/logo-camping-de-mars-vert-1024x791.png 1024w, https:\/\/www.camping-de-mars.com\/wp-content\/uploads\/2022\/05\/logo-camping-de-mars-vert-300x232.png 300w, https:\/\/www.camping-de-mars.com\/wp-content\/uploads\/2022\/05\/logo-camping-de-mars-vert-768x593.png 768w, https:\/\/www.camping-de-mars.com\/wp-content\/uploads\/2022\/05\/logo-camping-de-mars-vert.png 1200w\" sizes=\"auto, (max-width: 1024px) 100vw, 1024px\" \/><\/figure>\n<\/div>\n\n\n\n<div class=\"wp-block-column is-layout-flow wp-block-column-is-layout-flow\">\n<p class=\"has-text-align-center\">Liebe Camper,<\/p>\n\n\n\n<p class=\"has-text-align-center\">Wir danken Ihnen f\u00fcr Ihr Vertrauen, das Sie uns entgegenbringen, indem Sie sich f\u00fcr einen Urlaub auf Camping de Mars entschieden haben. Wir freuen uns, Sie begr\u00fc\u00dfen zu d\u00fcrfen. Wir arbeiten daran, Ihren Aufenthalt angenehm und komfortabel zu gestalten.<\/p>\n\n\n\n<p class=\"has-text-align-center\">Wir hoffen, Sie bald auf Camping de Mars zu treffen, um neue Abenteuer zu erleben!<\/p>\n\n\n\n<p class=\"has-text-align-center\">C\u00e9line und Fabrice<\/p>\n<\/div>\n\n\n\n<div class=\"wp-block-column is-layout-flow wp-block-column-is-layout-flow\">\n<figure class=\"wp-block-image size-large\"><img loading=\"lazy\" decoding=\"async\" width=\"1024\" height=\"683\" src=\"https:\/\/www.camping-de-mars.com\/wp-content\/uploads\/2024\/01\/AE0A8821-1-1-1024x683.jpg\" alt=\"\" class=\"wp-image-4343\" srcset=\"https:\/\/www.camping-de-mars.com\/wp-content\/uploads\/2024\/01\/AE0A8821-1-1-1024x683.jpg 1024w, https:\/\/www.camping-de-mars.com\/wp-content\/uploads\/2024\/01\/AE0A8821-1-1-300x200.jpg 300w, https:\/\/www.camping-de-mars.com\/wp-content\/uploads\/2024\/01\/AE0A8821-1-1-768x512.jpg 768w, https:\/\/www.camping-de-mars.com\/wp-content\/uploads\/2024\/01\/AE0A8821-1-1-2048x1365.jpg 2048w\" sizes=\"auto, (max-width: 1024px) 100vw, 1024px\" \/><\/figure>\n<\/div>\n<\/div>\n\n<div class=\"wp-block-cover alignfull\" style=\"min-height:300px;aspect-ratio:unset;\"><span aria-hidden=\"true\" class=\"wp-block-cover__background has-background-dim-20 has-background-dim\"><\/span><img loading=\"lazy\" decoding=\"async\" width=\"1920\" height=\"500\" class=\"wp-block-cover__image-background wp-image-398\" alt=\"camping \u00e0 Cordelle avec vue sur les Gorges de la Loire\" src=\"https:\/\/www.camping-de-mars.com\/wp-content\/uploads\/2022\/06\/accueilpagehp.jpg\" data-object-fit=\"cover\" srcset=\"https:\/\/www.camping-de-mars.com\/wp-content\/uploads\/2022\/06\/accueilpagehp.jpg 1920w, https:\/\/www.camping-de-mars.com\/wp-content\/uploads\/2022\/06\/accueilpagehp-300x78.jpg 300w, https:\/\/www.camping-de-mars.com\/wp-content\/uploads\/2022\/06\/accueilpagehp-1024x267.jpg 1024w, https:\/\/www.camping-de-mars.com\/wp-content\/uploads\/2022\/06\/accueilpagehp-768x200.jpg 768w, https:\/\/www.camping-de-mars.com\/wp-content\/uploads\/2022\/06\/accueilpagehp-1536x400.jpg 1536w\" sizes=\"auto, (max-width: 1920px) 100vw, 1920px\" \/><div class=\"wp-block-cover__inner-container is-layout-flow wp-block-cover-is-layout-flow\">\n<p class=\"has-text-align-center h1-like has-large-font-size\">Der Campingplatz<\/p>\n\n\n\n<p class=\"has-text-align-center\">EMPF\u00c4NGT SIE VOM 1. APRIL BIS ZUM 30. OKTOBER 2022<\/p>\n<\/div><\/div>\n\n<div style=\"height:30px\" aria-hidden=\"true\" class=\"wp-block-spacer\"><\/div>\n\n<div class=\"wp-block-columns is-layout-flex wp-container-core-columns-is-layout-28f84493 wp-block-columns-is-layout-flex\">\n<div class=\"wp-block-column is-layout-flow wp-block-column-is-layout-flow\" style=\"flex-basis:66.66%\">\t\t<div class=\"sev-encart sev-encart-menu full-height sev-encart-menu-front\">\n\n\t\t\t<div class=\"sev-encart-menu-title\">Les plus du camping<\/div>\n\n\t\t\t<div class=\"sev-encart-menu-container\">\n\t\t\t<ul id=\"menu-die-pluspunkte-des-campingplatzes\" class=\"menu\"><li id=\"menu-item-1498\" class=\"menu-item menu-item-type-custom menu-item-object-custom menu-item-1498\"><a href=\"#\">Familiencampingplatz<\/a><\/li>\n<li id=\"menu-item-1499\" class=\"menu-item menu-item-type-custom menu-item-object-custom menu-item-1499\"><a href=\"#\">Lage inmitten der Natur<\/a><\/li>\n<li id=\"menu-item-1500\" class=\"menu-item menu-item-type-custom menu-item-object-custom menu-item-1500\"><a href=\"#\">Au\u00dfergew\u00f6hnliche Aussicht<\/a><\/li>\n<li id=\"menu-item-1501\" class=\"menu-item menu-item-type-custom menu-item-object-custom menu-item-1501\"><a href=\"#\">Beheizter Swimmingpool<\/a><\/li>\n<li id=\"menu-item-1502\" class=\"menu-item menu-item-type-custom menu-item-object-custom menu-item-1502\"><a href=\"#\">Ein Team, das sich um Sie k\u00fcmmert<\/a><\/li>\n<li id=\"menu-item-1503\" class=\"menu-item menu-item-type-custom menu-item-object-custom menu-item-1503\"><a href=\"#\">Aktivit\u00e4ten und Animationen f\u00fcr alle<\/a><\/li>\n<li id=\"menu-item-1504\" class=\"menu-item menu-item-type-custom menu-item-object-custom menu-item-1504\"><a href=\"#\">Die Ruhe<\/a><\/li>\n<\/ul>\t\t\t<\/div>\n\t\t<\/div>\n\t\t\n<\/div>\n\n\n\n<div class=\"wp-block-column is-layout-flow wp-block-column-is-layout-flow\" style=\"flex-basis:33.33%\">\n<a href=\"https:\/\/www.camping-de-mars.com\/de\/die-brauerei-des-campingplatzes\" class=\"sev-encart card has-desc\"><span class=\"card-body\"><span class=\"title-card\">Die Brauerei des Campingplatzes<\/span><span class=\"btn-card text-center\"><button class=\"btn\">Sehen Sie sich an<\/button><\/span><\/span><img decoding=\"async\" loading=\"lazy\" src=\"https:\/\/www.camping-de-mars.com\/wp-content\/uploads\/2022\/05\/terrasse-camping-de-mars.jpg\" alt=\"Brasserie des 4-Sterne-Campingplatzes\"><div class=\"card-footer\"><span class=\"desc-card\"><\/span><\/div><\/a>\n<\/div>\n<\/div>\n\n<div class=\"wp-block-columns is-layout-flex wp-container-core-columns-is-layout-28f84493 wp-block-columns-is-layout-flex\">\n<div class=\"wp-block-column is-layout-flow wp-block-column-is-layout-flow\" style=\"flex-basis:33.33%\">\n<a href=\"https:\/\/www.camping-de-mars.com\/de\/dienstleistungen-rezeption-des-campingplatzes-in-cordelle\" class=\"sev-encart card has-desc\"><span class=\"card-body\"><span class=\"title-card\">Dienstleistungen und Empfang <\/span><span class=\"btn-card text-center\"><button class=\"btn\">Besuchen Sie<\/button><\/span><\/span><img decoding=\"async\" loading=\"lazy\" src=\"https:\/\/www.camping-de-mars.com\/wp-content\/uploads\/2022\/05\/vue-auberge.jpg\" alt=\"rezeption und service des campingplatzes \"><div class=\"card-footer\"><span class=\"desc-card\"><\/span><\/div><\/a>\n<\/div>\n\n\n\n<div class=\"wp-block-column is-layout-flow wp-block-column-is-layout-flow\" style=\"flex-basis:66.66%\">\n<a href=\"https:\/\/www.camping-de-mars.com\/de\/das-schwimmbad-des-campingplatzes-in-cordelle\" class=\"sev-encart card has-desc\"><span class=\"card-body\"><span class=\"title-card\">Das Schwimmbad <\/span><span class=\"btn-card text-center\"><button class=\"btn\">Sehen Sie sich an<\/button><\/span><\/span><img decoding=\"async\" loading=\"lazy\" src=\"https:\/\/www.camping-de-mars.com\/wp-content\/uploads\/2022\/05\/035_Camping_de-Mars_2021.jpg\" alt=\"4-Sterne-Campingplatz mit Pool CORDELLE\"><div class=\"card-footer\"><span class=\"desc-card\"><\/span><\/div><\/a>\n<\/div>\n<\/div>\n\n<div class=\"wp-block-columns is-layout-flex wp-container-core-columns-is-layout-28f84493 wp-block-columns-is-layout-flex\">\n<div class=\"wp-block-column is-layout-flow wp-block-column-is-layout-flow\" style=\"flex-basis:66.66%\">\n<a href=\"https:\/\/www.camping-de-mars.com\/de\/aktivitaeten-animationen-auf-dem-campingplatz\" class=\"sev-encart card has-desc\"><span class=\"card-body\"><span class=\"title-card\">Aktivit\u00e4ten und Animationen<\/span><span class=\"btn-card text-center\"><button class=\"btn\">Besuchen Sie<\/button><\/span><\/span><img decoding=\"async\" loading=\"lazy\" src=\"https:\/\/www.camping-de-mars.com\/wp-content\/uploads\/2022\/05\/223522150_4269888449717198_1493720540193539164_n.jpg\" alt=\"camping mit aktivit\u00e4ten f\u00fcr die ganze familie\"><div class=\"card-footer\"><span class=\"desc-card\"><\/span><\/div><\/a>\n<\/div>\n\n\n\n<div class=\"wp-block-column is-layout-flow wp-block-column-is-layout-flow\" style=\"flex-basis:33.33%\">\n<a href=\"https:\/\/www.camping-de-mars.com\/de\/gruppenaufnahme\" class=\"sev-encart card has-desc\"><span class=\"card-body\"><span class=\"title-card\">Empfang von Gruppen und Vermietung von R\u00e4umen<\/span><span class=\"btn-card text-center\"><button class=\"btn\">Besuchen Sie<\/button><\/span><\/span><img decoding=\"async\" loading=\"lazy\" src=\"https:\/\/www.camping-de-mars.com\/wp-content\/uploads\/2024\/03\/Carte-de-visite.jpg\" alt=\"\"><div class=\"card-footer\"><span class=\"desc-card\"><\/span><\/div><\/a>\n<\/div>\n<\/div>\n\n<div class=\"wp-block-cover alignfull\" style=\"min-height:301px;aspect-ratio:unset;\"><span aria-hidden=\"true\" class=\"wp-block-cover__background has-background-dim-20 has-background-dim\"><\/span><img loading=\"lazy\" decoding=\"async\" width=\"1920\" height=\"500\" class=\"wp-block-cover__image-background wp-image-52\" alt=\"location tente camping de Mars\" src=\"https:\/\/www.camping-de-mars.com\/wp-content\/uploads\/2022\/05\/099_Camping_de-Mars_2021-1.jpg\" style=\"object-position:49% 100%\" data-object-fit=\"cover\" data-object-position=\"49% 100%\" srcset=\"https:\/\/www.camping-de-mars.com\/wp-content\/uploads\/2022\/05\/099_Camping_de-Mars_2021-1.jpg 1920w, https:\/\/www.camping-de-mars.com\/wp-content\/uploads\/2022\/05\/099_Camping_de-Mars_2021-1-300x78.jpg 300w, https:\/\/www.camping-de-mars.com\/wp-content\/uploads\/2022\/05\/099_Camping_de-Mars_2021-1-1024x267.jpg 1024w, https:\/\/www.camping-de-mars.com\/wp-content\/uploads\/2022\/05\/099_Camping_de-Mars_2021-1-768x200.jpg 768w, https:\/\/www.camping-de-mars.com\/wp-content\/uploads\/2022\/05\/099_Camping_de-Mars_2021-1-1536x400.jpg 1536w\" sizes=\"auto, (max-width: 1920px) 100vw, 1920px\" \/><div class=\"wp-block-cover__inner-container is-layout-flow wp-block-cover-is-layout-flow\">\n<p class=\"has-text-align-center h1-like has-large-font-size\">Die Unterk\u00fcnfte<\/p>\n\n\n\n<p class=\"has-text-align-center\">Ideale Lage auf der Halbinsel Mars f\u00fcr einen unvergesslichen Aufenthalt<\/p>\n<\/div><\/div>\n\n<div style=\"height:30px\" aria-hidden=\"true\" class=\"wp-block-spacer\"><\/div>\n\n<div class=\"wp-block-columns is-layout-flex wp-container-core-columns-is-layout-28f84493 wp-block-columns-is-layout-flex\">\n<div class=\"wp-block-column is-layout-flow wp-block-column-is-layout-flow\" style=\"flex-basis:66.66%\">\n<a href=\"https:\/\/www.camping-de-mars.com\/de\/die-unterkuenfte#sev_items_list_confort\" class=\"sev-encart card has-desc\"><span class=\"card-body\"><span class=\"title-card\">Komfort-Reihe<\/span><span class=\"btn-card text-center\"><button class=\"btn\">Besuchen Sie<\/button><\/span><\/span><img decoding=\"async\" loading=\"lazy\" src=\"https:\/\/www.camping-de-mars.com\/wp-content\/uploads\/2022\/05\/142_Camping_de-Mars_2021-e1653483885228.jpg\" alt=\"Vermietung von Mobilheimen mit allem Komfort Cordelle\"><div class=\"card-footer\"><span class=\"desc-card\"><\/span><\/div><\/a>\n<\/div>\n\n\n\n<div class=\"wp-block-column is-layout-flow wp-block-column-is-layout-flow\" style=\"flex-basis:33.33%\">\n<a href=\"https:\/\/www.camping-de-mars.com\/de\/die-unterkuenfte#sev_items_list_standard\" class=\"sev-encart card has-desc\"><span class=\"card-body\"><span class=\"title-card\">Standardsortiment<\/span><span class=\"btn-card text-center\"><button class=\"btn\">Besuchen Sie<\/button><\/span><\/span><img decoding=\"async\" loading=\"lazy\" src=\"https:\/\/www.camping-de-mars.com\/wp-content\/uploads\/2022\/05\/121_Camping_de-Mars_2021.jpg\" alt=\"vermietung mobilheim standard\"><div class=\"card-footer\"><span class=\"desc-card\"><\/span><\/div><\/a>\n<\/div>\n<\/div>\n\n<div class=\"wp-block-columns is-layout-flex wp-container-core-columns-is-layout-28f84493 wp-block-columns-is-layout-flex\">\n<div class=\"wp-block-column is-layout-flow wp-block-column-is-layout-flow\" style=\"flex-basis:33.33%\">\n<a href=\"https:\/\/www.camping-de-mars.com\/de\/die-unterkuenfte#sev_items_list_premium\" class=\"sev-encart card has-desc\"><span class=\"card-body\"><span class=\"title-card\">Premium-Reihe<\/span><span class=\"btn-card text-center\"><button class=\"btn\">Besuchen Sie<\/button><\/span><\/span><img decoding=\"async\" loading=\"lazy\" src=\"https:\/\/www.camping-de-mars.com\/wp-content\/uploads\/2022\/05\/195_Camping_de-Mars_2021.jpg\" alt=\"Vermietung von Premium-Mobilheimen Camping Cordelle\"><div class=\"card-footer\"><span class=\"desc-card\"><\/span><\/div><\/a>\n<\/div>\n\n\n\n<div class=\"wp-block-column is-layout-flow wp-block-column-is-layout-flow\" style=\"flex-basis:66.66%\">\n<a href=\"https:\/\/www.camping-de-mars.com\/de\/die-unterkuenfte#sev_items_list_atypique\" class=\"sev-encart card has-desc\"><span class=\"card-body\"><span class=\"title-card\">Atypische Reihe<\/span><span class=\"btn-card text-center\"><button class=\"btn\">Besuchen Sie<\/button><\/span><\/span><img decoding=\"async\" loading=\"lazy\" src=\"https:\/\/www.camping-de-mars.com\/wp-content\/uploads\/2022\/05\/105_Camping_de-Mars_2021.jpg\" alt=\"atypische Ferienwohnung\"><div class=\"card-footer\"><span class=\"desc-card\"><\/span><\/div><\/a>\n<\/div>\n<\/div>\n\n<div class=\"wp-block-columns is-layout-flex wp-container-core-columns-is-layout-28f84493 wp-block-columns-is-layout-flex\">\n<div class=\"wp-block-column is-layout-flow wp-block-column-is-layout-flow\" style=\"flex-basis:66.66%\">\n<a href=\"https:\/\/www.camping-de-mars.com\/de\/gruppenformel\" class=\"sev-encart card has-desc\"><span class=\"card-body\"><span class=\"title-card\">Formel Gruppe Rudern<\/span><span class=\"btn-card text-center\"><button class=\"btn\">Besuchen Sie<\/button><\/span><\/span><img decoding=\"async\" loading=\"lazy\" src=\"https:\/\/www.camping-de-mars.com\/wp-content\/uploads\/2024\/03\/Carte-de-visite-2.png\" alt=\"\"><div class=\"card-footer\"><span class=\"desc-card\"><\/span><\/div><\/a>\n<\/div>\n\n\n\n<div class=\"wp-block-column is-layout-flow wp-block-column-is-layout-flow\" style=\"flex-basis:33.33%\">\n<a href=\"\" class=\"sev-encart card has-desc\"><span class=\"card-body\"><span class=\"title-card\">Optionen und Dienstleistungen<\/span><span class=\"btn-card text-center\"><button class=\"btn\">Besuchen Sie<\/button><\/span><\/span><img decoding=\"async\" loading=\"lazy\" src=\"https:\/\/www.camping-de-mars.com\/wp-content\/uploads\/2022\/05\/072_Camping_de-Mars_2021-e1653484198893.jpg\" alt=\"\"><div class=\"card-footer\"><span class=\"desc-card\"><\/span><\/div><\/a>\n<\/div>\n<\/div>\n\n<div class=\"wp-block-columns is-layout-flex wp-container-core-columns-is-layout-28f84493 wp-block-columns-is-layout-flex\">\n<div class=\"wp-block-column is-layout-flow wp-block-column-is-layout-flow\" style=\"flex-basis:33.33%\">\n<a href=\"https:\/\/www.camping-de-mars.com\/de\/die-standorte\" class=\"sev-encart card has-desc\"><span class=\"card-body\"><span class=\"title-card\">Stellplatz Komfort<\/span><span class=\"btn-card text-center\"><button class=\"btn\">Besuchen Sie<\/button><\/span><\/span><img decoding=\"async\" loading=\"lazy\" src=\"https:\/\/www.camping-de-mars.com\/wp-content\/uploads\/2022\/05\/086_Camping_de-Mars_2021.jpg\" alt=\"Vermietung Stellplatz Komfort\"><div class=\"card-footer\"><span class=\"desc-card\"><\/span><\/div><\/a>\n<\/div>\n\n\n\n<div class=\"wp-block-column is-layout-flow wp-block-column-is-layout-flow\" style=\"flex-basis:66.66%\">\n<a href=\"https:\/\/www.camping-de-mars.com\/de\/die-standorte\" class=\"sev-encart card has-desc\"><span class=\"card-body\"><span class=\"title-card\">Premium-Standort <\/span><span class=\"btn-card text-center\"><button class=\"btn\">Besuchen Sie<\/button><\/span><\/span><img decoding=\"async\" loading=\"lazy\" src=\"https:\/\/www.camping-de-mars.com\/wp-content\/uploads\/2022\/05\/087_Camping_de-Mars_2021.jpg\" alt=\"Premium-Standorte \"><div class=\"card-footer\"><span class=\"desc-card\"><\/span><\/div><\/a>\n<\/div>\n<\/div>\n","protected":false},"excerpt":{"rendered":"<p>Willkommen in den Gorges de La Loire auf dem Campingplatz Mars F\u00fcr Ihren Familienurlaub in einer gr\u00fcnen Umgebung, genie\u00dfen Sie eine au\u00dfergew\u00f6hnliche Aussicht Brauchen Sie Abwechslung vom Alltag?Sich in einer gr\u00fcnen Umgebung mit einem au\u00dfergew\u00f6hnlichen Blick auf die Schluchten der Loire zu befinden?Die Ruhe der Natur zu genie\u00dfen und sich zu entspannen? Dann ist unser [&hellip;]<\/p>\n","protected":false},"author":1,"featured_media":0,"parent":0,"menu_order":0,"comment_status":"closed","ping_status":"closed","template":"","meta":{"_seopress_robots_primary_cat":"","_seopress_titles_title":"Camping de Mars in Cordelle - Unterk\u00fcnfte in der Loire","_seopress_titles_desc":"Der Campingplatz Mars in Cordelle im Departement Loire empf\u00e4ngt Sie in einer perfekt ausgestatteten und komfortablen Anlage in einer gr\u00fcnen Umgebung.","_seopress_robots_index":"","footnotes":""},"class_list":["post-1332","page","type-page","status-publish","hentry"],"_links":{"self":[{"href":"https:\/\/www.camping-de-mars.com\/de\/wp-json\/wp\/v2\/pages\/1332","targetHints":{"allow":["GET"]}}],"collection":[{"href":"https:\/\/www.camping-de-mars.com\/de\/wp-json\/wp\/v2\/pages"}],"about":[{"href":"https:\/\/www.camping-de-mars.com\/de\/wp-json\/wp\/v2\/types\/page"}],"author":[{"embeddable":true,"href":"https:\/\/www.camping-de-mars.com\/de\/wp-json\/wp\/v2\/users\/1"}],"replies":[{"embeddable":true,"href":"https:\/\/www.camping-de-mars.com\/de\/wp-json\/wp\/v2\/comments?post=1332"}],"version-history":[{"count":5,"href":"https:\/\/www.camping-de-mars.com\/de\/wp-json\/wp\/v2\/pages\/1332\/revisions"}],"predecessor-version":[{"id":5155,"href":"https:\/\/www.camping-de-mars.com\/de\/wp-json\/wp\/v2\/pages\/1332\/revisions\/5155"}],"wp:attachment":[{"href":"https:\/\/www.camping-de-mars.com\/de\/wp-json\/wp\/v2\/media?parent=1332"}],"curies":[{"name":"wp","href":"https:\/\/api.w.org\/{rel}","templated":true}]}}