{"id":1288,"date":"2022-05-30T10:44:21","date_gmt":"2022-05-30T08:44:21","guid":{"rendered":"https:\/\/www.camping-de-mars.com\/die-unterkuenfte"},"modified":"2023-09-21T11:58:31","modified_gmt":"2023-09-21T09:58:31","slug":"die-unterkuenfte","status":"publish","type":"page","link":"https:\/\/www.camping-de-mars.com\/de\/die-unterkuenfte","title":{"rendered":"Die Unterk\u00fcnfte"},"content":{"rendered":"\n<p>Um Ihren W\u00fcnschen am besten gerecht zu werden, bietet Ihnen Ihr Camping de Mars, <strong>verschiedene Unterkunftsm\u00f6glichkeiten<\/strong> f\u00fcr 2 Personen oder einen ganzen Stamm!<\/p>\n\n\n\n<p>Unsere 2 karibischen Zelte und unsere 2 Cocos Sweet, mit  mit <strong>Blick auf die Schluchten der Loire<\/strong> k\u00f6nnen Sie einen naturnahen Aufenthalt verbringen und haben dabei allen Komfort, der bei Ihrer Ankunft schon bereitsteht: richtiges Bett, K\u00fcchenzeile, Terrasse, Gartenm\u00f6bel&#8230;und die Geselligkeit des Campingplatzes mit den Gemeinschaftssanit\u00e4ranlagen in der N\u00e4he!<\/p>\n\n\n\n<p>Unsere komfortablen Mobilheime mit \u00fcberdachter oder nicht \u00fcberdachter Terrasse bestehen aus 2 oder 3 Zimmern (5 und 3 Exemplare), sind komplett ausgestattet und k\u00f6nnen 2 bis 6 Personen beherbergen (darunter ein Mobilheim PMR f\u00fcr 4 Personen).<\/p>\n\n\n\n<p>Unsere 3 Premium-Chalets sind komplett ausgestattet mit TV, Klimaanlage, Geschirrsp\u00fcler, 2 bis 8 Schlafpl\u00e4tzen, um einen unbeschwerten Aufenthalt zu verbringen.<\/p>\n\n\n\n<p>Schlie\u00dflich unsere letzten Ank\u00fcnfte unsere 2 Woodlodges, die Komfort, Modernit\u00e4t, Sanit\u00e4ranlagen und einen <strong>au\u00dfergew\u00f6hnlichen Blick<\/strong> auf die gr\u00f6\u00dfte Schleife der Loire vereinen, sind eine Garantie f\u00fcr eine <strong>totale Abwechslung<\/strong>, untypisch aber komfortabel.<\/p>\n\n\n\n<p>Sie m\u00fcssen nur noch Ihre Wahl treffen!<\/p>\n\n\n\n<h2 id=\"sev_items_list_atypique\">Atypique<\/h2>\n<article class=\"multiple-item\">\n<a href=\"https:\/\/www.camping-de-mars.com\/de\/hebergement\/woodlodge-vue-loire-confort-3-zi-6-pers\">\n\n\t<div class=\"multiple-item-photo\">\n\t\t\t\t<img decoding=\"async\" src=\"https:\/\/www.camping-de-mars.com\/wp-content\/uploads\/2022\/05\/LODGES-WL-34-3-S-05-1024x683.jpg\" alt=\"Woodlodge Vue Loire Confort &#8211; 3 Zi. 6 Pers.\">\n\t\t\t<\/div>\n\n\t<div class=\"multiple-item-desc\">\n\n\t\t<h3 class=\"multiple-item-titre\">Woodlodge Vue Loire Confort &#8211; 3 Zi. 6 Pers.<\/h3>\n\n\t\t<div class=\"multiple-item-fields\">\n\n\t\t\t\t\t\t\t\t\t<div class=\"multiple-item-nbchambres\">\n\t\t\t\t<span class=\"val\">3<\/span>&nbsp;<span class=\"lbl\">Zimmer<\/span>\n\t\t\t<\/div>\n\t\t\t\n\t\t\t\t\t\t\t\t\t<div class=\"multiple-item-nbpersonnes\">\n\t\t\t\t<span class=\"val\">6<\/span>&nbsp;<span class=\"lbl\">Personen<\/span>\n\t\t\t<\/div>\n\t\t\t\n\t\t\t\t\t\t<div class=\"multiple-item-surface\">\n\t\t\t\t<span class=\"lbl\">Fl\u00e4che&nbsp;:<\/span>&nbsp;<span class=\"val\">34&nbsp;m\u00b2<\/span>\n\t\t\t<\/div>\n\t\t\t\t\t<\/div>\n\n\t\t<div class=\"multiple-item-description\"><p>Beschreibung NEU AUF DEM CAMPINGPLATZ ERRICHTET, GENIESSEN DIE WOODLOGES EINEN AUSSERGEW\u00d6HNLICHEN BLICK AUF DIE M\u00c4ANDER UNTERKUNFT, DIE KOMFORT, MODERNIT\u00c4T UND HOCHWERTIGE AUSSTATTUNG VEREINT Die 2-Zimmer- und 3-Zimmer-Woodlodge f\u00fcr Ihren Aufenthalt auf dem Camping de Mars in Cordelle umfasst : Eine K\u00fcchenzeile mit K\u00fchlschrank+Gefrierfach, Mikrowelle und allem Geschirr f\u00fcr 6 Personen Eine Essecke mit Bank, 4 [&hellip;]<\/p>\n<\/div>\n\n\t\t<span class=\"btn btn-primary multiple-item-plus\">\n\t\t\tMehr dazu +\t\t<\/span>\n\t<\/div>\n\n\t<\/a>\n<\/article>\n\n<article class=\"multiple-item\">\n<a href=\"https:\/\/www.camping-de-mars.com\/de\/hebergement\/woodlodge-vue-loire-confort-2-zi-4-pers\">\n\n\t<div class=\"multiple-item-photo\">\n\t\t\t\t<img decoding=\"async\" src=\"https:\/\/www.camping-de-mars.com\/wp-content\/uploads\/2022\/05\/LODGES-WL-34-3-S-CACenfant1-1024x683.jpg\" alt=\"Woodlodge Vue Loire Confort &#8211; 2 Zi. 4 Pers.\">\n\t\t\t<\/div>\n\n\t<div class=\"multiple-item-desc\">\n\n\t\t<h3 class=\"multiple-item-titre\">Woodlodge Vue Loire Confort &#8211; 2 Zi. 4 Pers.<\/h3>\n\n\t\t<div class=\"multiple-item-fields\">\n\n\t\t\t\t\t\t\t\t\t<div class=\"multiple-item-nbchambres\">\n\t\t\t\t<span class=\"val\">2<\/span>&nbsp;<span class=\"lbl\">Zimmer<\/span>\n\t\t\t<\/div>\n\t\t\t\n\t\t\t\t\t\t\t\t\t<div class=\"multiple-item-nbpersonnes\">\n\t\t\t\t<span class=\"val\">4<\/span>&nbsp;<span class=\"lbl\">Personen<\/span>\n\t\t\t<\/div>\n\t\t\t\n\t\t\t\t\t\t<div class=\"multiple-item-surface\">\n\t\t\t\t<span class=\"lbl\">Fl\u00e4che&nbsp;:<\/span>&nbsp;<span class=\"val\">34&nbsp;m\u00b2<\/span>\n\t\t\t<\/div>\n\t\t\t\t\t<\/div>\n\n\t\t<div class=\"multiple-item-description\"><p>Beschreibung NEU AUF DEM CAMPINGPLATZ ERRICHTET, GENIESSEN DIE WOODLOGES EINEN AUSSERGEW\u00d6HNLICHEN BLICK AUF DIE M\u00c4ANDER UNTERKUNFT, DIE KOMFORT, MODERNIT\u00c4T UND HOCHWERTIGE AUSSTATTUNG VEREINT Die 2-Zimmer- und 3-Zimmer-Woodlodge f\u00fcr Ihren Aufenthalt auf dem Camping de Mars in Cordelle umfasst : Eine K\u00fcchenzeile mit K\u00fchlschrank+Gefrierfach, Mikrowelle und allem Geschirr f\u00fcr 6 Personen Eine Essecke mit Bank, 4 [&hellip;]<\/p>\n<\/div>\n\n\t\t<span class=\"btn btn-primary multiple-item-plus\">\n\t\t\tMehr dazu +\t\t<\/span>\n\t<\/div>\n\n\t<\/a>\n<\/article>\n\n<article class=\"multiple-item\">\n<a href=\"https:\/\/www.camping-de-mars.com\/de\/hebergement\/coco-sweet-2-schlafz-2-4-pers\">\n\n\t<div class=\"multiple-item-photo\">\n\t\t\t\t<img decoding=\"async\" src=\"https:\/\/www.camping-de-mars.com\/wp-content\/uploads\/2022\/05\/097_Camping_de-Mars_2021-1024x683.jpg\" alt=\"Coco Sweet &#8211; 2 Schlafz. 2\/4 Pers.\">\n\t\t\t<\/div>\n\n\t<div class=\"multiple-item-desc\">\n\n\t\t<h3 class=\"multiple-item-titre\">Coco Sweet &#8211; 2 Schlafz. 2\/4 Pers.<\/h3>\n\n\t\t<div class=\"multiple-item-fields\">\n\n\t\t\t\t\t\t\t\t\t<div class=\"multiple-item-nbchambres\">\n\t\t\t\t<span class=\"val\">2<\/span>&nbsp;<span class=\"lbl\">Zimmer<\/span>\n\t\t\t<\/div>\n\t\t\t\n\t\t\t\t\t\t\t\t\t<div class=\"multiple-item-nbpersonnes\">\n\t\t\t\t<span class=\"val\">2\/4<\/span>&nbsp;<span class=\"lbl\">Personen<\/span>\n\t\t\t<\/div>\n\t\t\t\n\t\t\t\t\t\t<div class=\"multiple-item-surface\">\n\t\t\t\t<span class=\"lbl\">Fl\u00e4che&nbsp;:<\/span>&nbsp;<span class=\"val\">16&nbsp;m\u00b2<\/span>\n\t\t\t<\/div>\n\t\t\t\t\t<\/div>\n\n\t\t<div class=\"multiple-item-description\"><p>Beschreibung Eine K\u00fcchenzeile mit K\u00fchlschrank, Mikrowelle und allem Geschirr f\u00fcr 4 Personen Eine Essecke mit St\u00fchlen und Tisch Ein Elternschlafzimmer mit Doppelbett, Bettdecke und Kopfkissen Ein Schlafzimmer mit 2 Einzelbetten Decken und Kopfkissen KEINE SANIT\u00c4REN EINRICHTUNGEN Eine Gartengarnitur Heizung 2 Liegest\u00fchle ein Kochm\u00f6bel auf der Terrasse Inventar herunterladen T\u00e9l\u00e9chargez le descriptif. Meetch- Stornierungsbedingungen &nbsp;<\/p>\n<\/div>\n\n\t\t<span class=\"btn btn-primary multiple-item-plus\">\n\t\t\tMehr dazu +\t\t<\/span>\n\t<\/div>\n\n\t<\/a>\n<\/article>\n<h2 id=\"sev_items_list_premium\">Premium<\/h2>\n<article class=\"multiple-item\">\n<a href=\"https:\/\/www.camping-de-mars.com\/de\/hebergement\/chalet-premium-3-schlafz-6-8-pers\">\n\n\t<div class=\"multiple-item-photo\">\n\t\t\t\t<img decoding=\"async\" src=\"https:\/\/www.camping-de-mars.com\/wp-content\/uploads\/2022\/05\/188_Camping_de-Mars_2021-1024x683.jpg\" alt=\"Chalet Premium &#8211; 3 Schlafz. 6 Personen.\">\n\t\t\t<\/div>\n\n\t<div class=\"multiple-item-desc\">\n\n\t\t<h3 class=\"multiple-item-titre\">Chalet Premium &#8211; 3 Schlafz. 6 Personen.<\/h3>\n\n\t\t<div class=\"multiple-item-fields\">\n\n\t\t\t\t\t\t\t\t\t<div class=\"multiple-item-nbchambres\">\n\t\t\t\t<span class=\"val\">3<\/span>&nbsp;<span class=\"lbl\">Zimmer<\/span>\n\t\t\t<\/div>\n\t\t\t\n\t\t\t\t\t\t\t\t\t<div class=\"multiple-item-nbpersonnes\">\n\t\t\t\t<span class=\"val\">6<\/span>&nbsp;<span class=\"lbl\">Personen<\/span>\n\t\t\t<\/div>\n\t\t\t\n\t\t\t\t\t\t<div class=\"multiple-item-surface\">\n\t\t\t\t<span class=\"lbl\">Fl\u00e4che&nbsp;:<\/span>&nbsp;<span class=\"val\">29&nbsp;m\u00b2<\/span>\n\t\t\t<\/div>\n\t\t\t\t\t<\/div>\n\n\t\t<div class=\"multiple-item-description\"><p>Beschreibung Chalet 3 Schlafzimmer 6 Personen (29m\u00b2) Ein Chalet, das dank seiner Anzahl an Schlafpl\u00e4tzen Familien- und Freundestreffen beherbergen kann. Dieses Jahr renoviertes Chalet mit TV, Klimaanlage und Geschirrsp\u00fcler Eine K\u00fcchenzeile mit K\u00fchlschrank, Mikrowelle und allem Geschirr f\u00fcr 8 Personen Eine Essecke mit 8 St\u00fchlen und Tisch Ein Klick-Klack im Wohnzimmer Ein Elternschlafzimmer mit Doppelbett [&hellip;]<\/p>\n<\/div>\n\n\t\t<span class=\"btn btn-primary multiple-item-plus\">\n\t\t\tMehr dazu +\t\t<\/span>\n\t<\/div>\n\n\t<\/a>\n<\/article>\n\n<article class=\"multiple-item\">\n<a href=\"https:\/\/www.camping-de-mars.com\/de\/hebergement\/chalet-premium-1-schlafz-2-pers\">\n\n\t<div class=\"multiple-item-photo\">\n\t\t\t\t<img decoding=\"async\" src=\"https:\/\/www.camping-de-mars.com\/wp-content\/uploads\/2022\/05\/chalet-cajou.jpg\" alt=\"Chalet Premium &#8211; 1 Schlafz. 2 Pers.\">\n\t\t\t<\/div>\n\n\t<div class=\"multiple-item-desc\">\n\n\t\t<h3 class=\"multiple-item-titre\">Chalet Premium &#8211; 1 Schlafz. 2 Pers.<\/h3>\n\n\t\t<div class=\"multiple-item-fields\">\n\n\t\t\t\t\t\t\t\t\t<div class=\"multiple-item-nbchambres\">\n\t\t\t\t<span class=\"val\">1<\/span>&nbsp;<span class=\"lbl\">Zimmer<\/span>\n\t\t\t<\/div>\n\t\t\t\n\t\t\t\t\t\t\t\t\t<div class=\"multiple-item-nbpersonnes\">\n\t\t\t\t<span class=\"val\">2<\/span>&nbsp;<span class=\"lbl\">Personen<\/span>\n\t\t\t<\/div>\n\t\t\t\n\t\t\t\t\t\t<div class=\"multiple-item-surface\">\n\t\t\t\t<span class=\"lbl\">Fl\u00e4che&nbsp;:<\/span>&nbsp;<span class=\"val\">16&nbsp;m\u00b2<\/span>\n\t\t\t<\/div>\n\t\t\t\t\t<\/div>\n\n\t\t<div class=\"multiple-item-description\"><p>Beschreibung Chalet 1 Zimmer &#8211; 2 Personen Das Chalet mit allem Komfort f\u00fcr ein Paar Das Chalet mit allem Komfort f\u00fcr ein Paar Eine K\u00fcchenzeile mit K\u00fchlschrank+Gefrierfach, Mikrowelle und der ganzen Ausstattung Geschirr f\u00fcr 2 Personen Eine Essecke mit Bank, 2 St\u00fchlen und Tisch Ein Elternschlafzimmer mit Doppelbett (140&#215;190), Bettdecke und Kopfkissen (50&#215;50) Ein Badezimmer [&hellip;]<\/p>\n<\/div>\n\n\t\t<span class=\"btn btn-primary multiple-item-plus\">\n\t\t\tMehr dazu +\t\t<\/span>\n\t<\/div>\n\n\t<\/a>\n<\/article>\n\n<article class=\"multiple-item\">\n<a href=\"https:\/\/www.camping-de-mars.com\/de\/hebergement\/mobilheim-premium-2-zimmer\">\n\n\t<div class=\"multiple-item-photo\">\n\t\t\t\t<img decoding=\"async\" src=\"https:\/\/www.camping-de-mars.com\/wp-content\/uploads\/2023\/03\/Grand-Large-2-CUISINE-874x1024.jpg\" alt=\"Mobilheim Premium 2 Zimmer\">\n\t\t\t<\/div>\n\n\t<div class=\"multiple-item-desc\">\n\n\t\t<h3 class=\"multiple-item-titre\">Mobilheim Premium 2 Zimmer<\/h3>\n\n\t\t<div class=\"multiple-item-fields\">\n\n\t\t\t\t\t\t\t\t\t<div class=\"multiple-item-nbchambres\">\n\t\t\t\t<span class=\"val\">2<\/span>&nbsp;<span class=\"lbl\">Zimmer<\/span>\n\t\t\t<\/div>\n\t\t\t\n\t\t\t\t\t\t\t\t\t<div class=\"multiple-item-nbpersonnes\">\n\t\t\t\t<span class=\"val\">4<\/span>&nbsp;<span class=\"lbl\">Personen<\/span>\n\t\t\t<\/div>\n\t\t\t\n\t\t\t\t\t\t<div class=\"multiple-item-surface\">\n\t\t\t\t<span class=\"lbl\">Fl\u00e4che&nbsp;:<\/span>&nbsp;<span class=\"val\">26&nbsp;m\u00b2<\/span>\n\t\t\t<\/div>\n\t\t\t\t\t<\/div>\n\n\t\t<div class=\"multiple-item-description\"><p>Mobilheim 2 Zimmer 4 Personen (28m\u00b2) Ein Mobilheim, das eine Familie f\u00fcr einen sehr komfortablen Urlaub beherbergen kann. Mobilheim mit 2 Schlafzimmern, das dieses Jahr mit TV, Klimaanlage und Geschirrsp\u00fcler eingerichtet wurde. Eine K\u00fcchenzeile mit K\u00fchlschrank, Mikrowelle und Geschirr f\u00fcr 4 Personen Eine Essecke mit 4 St\u00fchlen und Tisch Ein Sofa Ein Elternschlafzimmer mit Doppelbett [&hellip;]<\/p>\n<\/div>\n\n\t\t<span class=\"btn btn-primary multiple-item-plus\">\n\t\t\tMehr dazu +\t\t<\/span>\n\t<\/div>\n\n\t<\/a>\n<\/article>\n\n<article class=\"multiple-item\">\n<a href=\"https:\/\/www.camping-de-mars.com\/de\/hebergement\/mobilheim-premium-3-schlafzimmer\">\n\n\t<div class=\"multiple-item-photo\">\n\t\t\t\t<img decoding=\"async\" src=\"https:\/\/www.camping-de-mars.com\/wp-content\/uploads\/2023\/03\/Grand-Large-2-CAC-PARENTS-1024x683.jpg\" alt=\"Mobilheim Premium 3 Schlafzimmer\">\n\t\t\t<\/div>\n\n\t<div class=\"multiple-item-desc\">\n\n\t\t<h3 class=\"multiple-item-titre\">Mobilheim Premium 3 Schlafzimmer<\/h3>\n\n\t\t<div class=\"multiple-item-fields\">\n\n\t\t\t\t\t\t\t\t\t<div class=\"multiple-item-nbchambres\">\n\t\t\t\t<span class=\"val\">3<\/span>&nbsp;<span class=\"lbl\">Zimmer<\/span>\n\t\t\t<\/div>\n\t\t\t\n\t\t\t\t\t\t\t\t\t<div class=\"multiple-item-nbpersonnes\">\n\t\t\t\t<span class=\"val\">6<\/span>&nbsp;<span class=\"lbl\">Personen<\/span>\n\t\t\t<\/div>\n\t\t\t\n\t\t\t\t\t\t<div class=\"multiple-item-surface\">\n\t\t\t\t<span class=\"lbl\">Fl\u00e4che&nbsp;:<\/span>&nbsp;<span class=\"val\">35&nbsp;m\u00b2<\/span>\n\t\t\t<\/div>\n\t\t\t\t\t<\/div>\n\n\t\t<div class=\"multiple-item-description\"><p>Mobilheim 3 Schlafzimmer 6 Personen (28m\u00b2) Ein Mobilheim, das eine Familie f\u00fcr einen sehr komfortablen Urlaub beherbergen kann. Mobilheim mit 3 Schlafzimmern, das dieses Jahr mit TV, Klimaanlage und Geschirrsp\u00fcler eingerichtet wurde. Eine K\u00fcchenzeile mit K\u00fchlschrank, Mikrowelle und allem Geschirr f\u00fcr 6 Personen Eine Essecke mit 6 St\u00fchlen und Tisch Ein Sofa Ein Elternschlafzimmer mit [&hellip;]<\/p>\n<\/div>\n\n\t\t<span class=\"btn btn-primary multiple-item-plus\">\n\t\t\tMehr dazu +\t\t<\/span>\n\t<\/div>\n\n\t<\/a>\n<\/article>\n<h2 id=\"sev_items_list_confort\">Confort<\/h2>\n<article class=\"multiple-item\">\n<a href=\"https:\/\/www.camping-de-mars.com\/de\/hebergement\/mobilheim-pmr-2-schlafz-4-pers\">\n\n\t<div class=\"multiple-item-photo\">\n\t\t\t\t<img decoding=\"async\" src=\"https:\/\/www.camping-de-mars.com\/wp-content\/uploads\/2022\/05\/142_Camping_de-Mars_2021-1-1024x683.jpg\" alt=\"Mobilheim PMR &#8211; 2 Schlafz. 4 Pers.\">\n\t\t\t<\/div>\n\n\t<div class=\"multiple-item-desc\">\n\n\t\t<h3 class=\"multiple-item-titre\">Mobilheim PMR &#8211; 2 Schlafz. 4 Pers.<\/h3>\n\n\t\t<div class=\"multiple-item-fields\">\n\n\t\t\t\t\t\t\t\t\t<div class=\"multiple-item-nbchambres\">\n\t\t\t\t<span class=\"val\">2<\/span>&nbsp;<span class=\"lbl\">Zimmer<\/span>\n\t\t\t<\/div>\n\t\t\t\n\t\t\t\t\t\t\t\t\t<div class=\"multiple-item-nbpersonnes\">\n\t\t\t\t<span class=\"val\">4<\/span>&nbsp;<span class=\"lbl\">Personen<\/span>\n\t\t\t<\/div>\n\t\t\t\n\t\t\t\t\t\t<div class=\"multiple-item-surface\">\n\t\t\t\t<span class=\"lbl\">Fl\u00e4che&nbsp;:<\/span>&nbsp;<span class=\"val\">34&nbsp;m\u00b2<\/span>\n\t\t\t<\/div>\n\t\t\t\t\t<\/div>\n\n\t\t<div class=\"multiple-item-description\"><p>Beschreibung Das 2-Zimmer-Mobilheim f\u00fcr Ihren Aufenthalt auf dem Camping de Mars in Cordelle umfasst : Eine K\u00fcchenzeile mit K\u00fchlschrank+Gefrierfach, Mikrowelle und allem Geschirr f\u00fcr 4 Personen Eine Essecke mit Bank, 4 St\u00fchlen und Tisch Ein Elternschlafzimmer mit Doppelbett (140&#215;190), Bettdecke und Kopfkissen (50&#215;50), Platz f\u00fcr ein Regenschirmbett Ein Zimmer mit 2 Einzelbetten (80&#215;190), Decken und [&hellip;]<\/p>\n<\/div>\n\n\t\t<span class=\"btn btn-primary multiple-item-plus\">\n\t\t\tMehr dazu +\t\t<\/span>\n\t<\/div>\n\n\t<\/a>\n<\/article>\n\n<article class=\"multiple-item\">\n<a href=\"https:\/\/www.camping-de-mars.com\/de\/hebergement\/mobilheim-confort-3-schlafz-6-pers\">\n\n\t<div class=\"multiple-item-photo\">\n\t\t\t\t<img decoding=\"async\" src=\"https:\/\/www.camping-de-mars.com\/wp-content\/uploads\/2022\/05\/124_Camping_de-Mars_2021-1024x683.jpg\" alt=\"Mobilheim Confort &#8211; 3 Schlafz. 6 Pers.\">\n\t\t\t<\/div>\n\n\t<div class=\"multiple-item-desc\">\n\n\t\t<h3 class=\"multiple-item-titre\">Mobilheim Confort &#8211; 3 Schlafz. 6 Pers.<\/h3>\n\n\t\t<div class=\"multiple-item-fields\">\n\n\t\t\t\t\t\t\t\t\t<div class=\"multiple-item-nbchambres\">\n\t\t\t\t<span class=\"val\">3<\/span>&nbsp;<span class=\"lbl\">Zimmer<\/span>\n\t\t\t<\/div>\n\t\t\t\n\t\t\t\t\t\t\t\t\t<div class=\"multiple-item-nbpersonnes\">\n\t\t\t\t<span class=\"val\">6<\/span>&nbsp;<span class=\"lbl\">Personen<\/span>\n\t\t\t<\/div>\n\t\t\t\n\t\t\t\t\t\t<div class=\"multiple-item-surface\">\n\t\t\t\t<span class=\"lbl\">Fl\u00e4che&nbsp;:<\/span>&nbsp;<span class=\"val\">34&nbsp;m\u00b2<\/span>\n\t\t\t<\/div>\n\t\t\t\t\t<\/div>\n\n\t\t<div class=\"multiple-item-description\"><p>Beschreibung Das Mobilheim mit 3 Schlafzimmern (34m\u00b2) besteht aus : Eine K\u00fcchenzeile mit K\u00fchlschrank, Mikrowelle und allem Geschirr f\u00fcr 6 Personen Eine Essecke mit Bank, 4 St\u00fchlen und Tisch Ein Elternschlafzimmer mit Doppelbett (160&#215;200), Bettdecke und Kopfkissen (50&#215;50) Zwei Zimmer mit 2 Einzelbetten (2 Betten 70&#215;190, 2 Betten 80&#215;190) Decken und Kopfkissen Ein Badezimmer mit [&hellip;]<\/p>\n<\/div>\n\n\t\t<span class=\"btn btn-primary multiple-item-plus\">\n\t\t\tMehr dazu +\t\t<\/span>\n\t<\/div>\n\n\t<\/a>\n<\/article>\n\n<article class=\"multiple-item\">\n<a href=\"https:\/\/www.camping-de-mars.com\/de\/hebergement\/mobilheim-confort-2-schlafz-2-4-pers\">\n\n\t<div class=\"multiple-item-photo\">\n\t\t\t\t<img decoding=\"async\" src=\"https:\/\/www.camping-de-mars.com\/wp-content\/uploads\/2022\/05\/136_Camping_de-Mars_2021-1024x681.jpg\" alt=\"Mobilheim Confort &#8211; 2 Schlafz. 2\/4 Pers.\">\n\t\t\t<\/div>\n\n\t<div class=\"multiple-item-desc\">\n\n\t\t<h3 class=\"multiple-item-titre\">Mobilheim Confort &#8211; 2 Schlafz. 2\/4 Pers.<\/h3>\n\n\t\t<div class=\"multiple-item-fields\">\n\n\t\t\t\t\t\t\t\t\t<div class=\"multiple-item-nbchambres\">\n\t\t\t\t<span class=\"val\">2<\/span>&nbsp;<span class=\"lbl\">Zimmer<\/span>\n\t\t\t<\/div>\n\t\t\t\n\t\t\t\t\t\t\t\t\t<div class=\"multiple-item-nbpersonnes\">\n\t\t\t\t<span class=\"val\">2\/4<\/span>&nbsp;<span class=\"lbl\">Personen<\/span>\n\t\t\t<\/div>\n\t\t\t\n\t\t\t\t\t\t<div class=\"multiple-item-surface\">\n\t\t\t\t<span class=\"lbl\">Fl\u00e4che&nbsp;:<\/span>&nbsp;<span class=\"val\">27&nbsp;m\u00b2<\/span>\n\t\t\t<\/div>\n\t\t\t\t\t<\/div>\n\n\t\t<div class=\"multiple-item-description\"><p>Beschreibung Das 2-Zimmer-Mobilheim f\u00fcr Ihren Aufenthalt auf dem Camping de Mars in Cordelle umfasst : Eine K\u00fcchenzeile mit K\u00fchlschrank+Gefrierfach, Mikrowelle und allem Geschirr f\u00fcr 4 Personen Eine Essecke mit Bank, 4 St\u00fchlen und Tisch Ein Elternschlafzimmer mit Doppelbett (140&#215;190), Bettdecke und Kopfkissen (50&#215;50), Platz f\u00fcr ein Regenschirmbett Ein Zimmer mit 2 Einzelbetten (80&#215;190), Decken und [&hellip;]<\/p>\n<\/div>\n\n\t\t<span class=\"btn btn-primary multiple-item-plus\">\n\t\t\tMehr dazu +\t\t<\/span>\n\t<\/div>\n\n\t<\/a>\n<\/article>\n<h2 id=\"sev_items_list_standard\">Standard<\/h2>\n<article class=\"multiple-item\">\n<a href=\"https:\/\/www.camping-de-mars.com\/de\/hebergement\/zelt-caraibe-standard-2-schlafz-4-pers\">\n\n\t<div class=\"multiple-item-photo\">\n\t\t\t\t<img decoding=\"async\" src=\"https:\/\/www.camping-de-mars.com\/wp-content\/uploads\/2022\/05\/151_Camping_de-Mars_2021-1024x681.jpg\" alt=\"Zelt Cara\u00efbe Standard &#8211; 2 Schlafz. 4 Pers.\">\n\t\t\t<\/div>\n\n\t<div class=\"multiple-item-desc\">\n\n\t\t<h3 class=\"multiple-item-titre\">Zelt Cara\u00efbe Standard &#8211; 2 Schlafz. 4 Pers.<\/h3>\n\n\t\t<div class=\"multiple-item-fields\">\n\n\t\t\t\t\t\t\t\t\t<div class=\"multiple-item-nbchambres\">\n\t\t\t\t<span class=\"val\">2<\/span>&nbsp;<span class=\"lbl\">Zimmer<\/span>\n\t\t\t<\/div>\n\t\t\t\n\t\t\t\t\t\t\t\t\t<div class=\"multiple-item-nbpersonnes\">\n\t\t\t\t<span class=\"val\">4<\/span>&nbsp;<span class=\"lbl\">Personen<\/span>\n\t\t\t<\/div>\n\t\t\t\n\t\t\t\t\t\t<div class=\"multiple-item-surface\">\n\t\t\t\t<span class=\"lbl\">Fl\u00e4che&nbsp;:<\/span>&nbsp;<span class=\"val\">16&nbsp;m\u00b2<\/span>\n\t\t\t<\/div>\n\t\t\t\t\t<\/div>\n\n\t\t<div class=\"multiple-item-description\"><p>Beschreibung Zwei karibische Trigano-Zeltbungalows werden zur Vermietung angeboten. Das Zelt verf\u00fcgt \u00fcber folgende Ausstattung: Ein Elternschlafzimmer mit Doppelbett (140&#215;190) Ein Zimmer mit 2 Einzelbetten (80&#215;190) Ein Essbereich mit Kochplatte und K\u00fchlschrank + Aufbewahrungsschrank und Geschirr f\u00fcr 4 Personen Gartenm\u00f6bel auf der Terrasse + 2 Chiliennes Wasserstelle im Freien Inventar herunterladen Beschreibung herunterladen Meetch- Stornierungsbedingungen<\/p>\n<\/div>\n\n\t\t<span class=\"btn btn-primary multiple-item-plus\">\n\t\t\tMehr dazu +\t\t<\/span>\n\t<\/div>\n\n\t<\/a>\n<\/article>\n\n","protected":false},"excerpt":{"rendered":"<p>Um Ihren W\u00fcnschen am besten gerecht zu werden, bietet Ihnen Ihr Camping de Mars, verschiedene Unterkunftsm\u00f6glichkeiten f\u00fcr 2 Personen oder einen ganzen Stamm! Unsere 2 karibischen Zelte und unsere 2 Cocos Sweet, mit mit Blick auf die Schluchten der Loire k\u00f6nnen Sie einen naturnahen Aufenthalt verbringen und haben dabei allen Komfort, der bei Ihrer Ankunft [&hellip;]<\/p>\n","protected":false},"author":1,"featured_media":0,"parent":0,"menu_order":0,"comment_status":"closed","ping_status":"closed","template":"","meta":{"_seopress_robots_primary_cat":"","_seopress_titles_title":"Vermietungen &amp; Stellpl\u00e4tze des Camping de Mars in Cordelle","_seopress_titles_desc":"Suchen Sie eine Adresse f\u00fcr Ihren Urlaub in der Loire-Region in Frankreich? Der Camping de Mars stellt Ihnen komfortabel ausgestattete Stellpl\u00e4tze ","_seopress_robots_index":"","footnotes":""},"class_list":["post-1288","page","type-page","status-publish","hentry"],"_links":{"self":[{"href":"https:\/\/www.camping-de-mars.com\/de\/wp-json\/wp\/v2\/pages\/1288","targetHints":{"allow":["GET"]}}],"collection":[{"href":"https:\/\/www.camping-de-mars.com\/de\/wp-json\/wp\/v2\/pages"}],"about":[{"href":"https:\/\/www.camping-de-mars.com\/de\/wp-json\/wp\/v2\/types\/page"}],"author":[{"embeddable":true,"href":"https:\/\/www.camping-de-mars.com\/de\/wp-json\/wp\/v2\/users\/1"}],"replies":[{"embeddable":true,"href":"https:\/\/www.camping-de-mars.com\/de\/wp-json\/wp\/v2\/comments?post=1288"}],"version-history":[{"count":2,"href":"https:\/\/www.camping-de-mars.com\/de\/wp-json\/wp\/v2\/pages\/1288\/revisions"}],"predecessor-version":[{"id":3727,"href":"https:\/\/www.camping-de-mars.com\/de\/wp-json\/wp\/v2\/pages\/1288\/revisions\/3727"}],"wp:attachment":[{"href":"https:\/\/www.camping-de-mars.com\/de\/wp-json\/wp\/v2\/media?parent=1288"}],"curies":[{"name":"wp","href":"https:\/\/api.w.org\/{rel}","templated":true}]}}